{"id":1017,"date":"2022-07-11T06:49:15","date_gmt":"2022-07-11T06:49:15","guid":{"rendered":"https:\/\/xstore.8theme.com\/elementor\/demos\/rental-car\/?post_type=product&#038;p=1017"},"modified":"2026-03-24T15:45:46","modified_gmt":"2026-03-24T15:45:46","slug":"dacia-logan-2025-manual-diesel-car-rental-in-marrakech","status":"publish","type":"product","link":"https:\/\/ouziadrentacar.com\/fr\/produit\/dacia-logan-2025-manual-diesel-car-rental-in-marrakech\/","title":{"rendered":"Dacia Logan Manuelle 2025 Diesel \u2013 Location voiture Marrakech"},"content":{"rendered":"<div data-elementor-type=\"wp-post\" data-elementor-id=\"1017\" class=\"elementor elementor-1017\">\n\t\t\t\t\t\t<section class=\"elementor-section elementor-top-section elementor-element elementor-element-19a68c0 elementor-section-boxed elementor-section-height-default elementor-section-height-default\" data-id=\"19a68c0\" data-element_type=\"section\" data-e-type=\"section\">\n\t\t\t\t\t\t<div class=\"elementor-container elementor-column-gap-custom\">\n\t\t\t\t\t<div class=\"elementor-column elementor-col-25 elementor-top-column elementor-element elementor-element-e14157f\" data-id=\"e14157f\" data-element_type=\"column\" data-e-type=\"column\">\n\t\t\t<div class=\"elementor-widget-wrap elementor-element-populated\">\n\t\t\t\t\t\t<div class=\"elementor-element elementor-element-61c01ec elementor-align-left elementor-widget elementor-widget-etheme_icon_box\" data-id=\"61c01ec\" data-element_type=\"widget\" data-e-type=\"widget\" data-settings=\"{&quot;icon_type&quot;:&quot;image&quot;}\" data-widget_type=\"etheme_icon_box.default\">\n\t\t\t\t<div class=\"elementor-widget-container\">\n\t\t\t\t\t\t\t\t<div class=\"etheme-icon-box etheme-icon-box-icon-position-left\">\n        \n                            \n                <div class=\"etheme-icon-box-icon etheme-icon-box-icon-type-image\">\n        \n                <img loading=\"lazy\" decoding=\"async\" width=\"31\" height=\"31\" src=\"https:\/\/ouziadrentacar.com\/wp-content\/uploads\/xstore\/xstore-placeholder-1x1.png\" class=\"attachment-full size-full wp-image-944 lazyload lazyload-simple et-lazyload-fadeIn\" alt=\"\" data-src=\"https:\/\/ouziadrentacar.com\/wp-content\/uploads\/2022\/07\/Icon-min-1.jpeg\" \/>        \n                <\/div>\n            \n                <div class=\"etheme-icon-box-content\">\n\t\t\n                                        \n                                            <h3 class=\"etheme-icon-box-title\">\n                            <span>4-5 Passengers<\/span>\n                        <\/h3>\n                    \t\t\n                    \n                            \n                <\/div>\n\t\t\t<\/div>\n\t\t\t\t\t\t<\/div>\n\t\t\t\t<\/div>\n\t\t\t\t\t<\/div>\n\t\t<\/div>\n\t\t\t\t<div class=\"elementor-column elementor-col-25 elementor-top-column elementor-element elementor-element-ca817a6\" data-id=\"ca817a6\" data-element_type=\"column\" data-e-type=\"column\">\n\t\t\t<div class=\"elementor-widget-wrap elementor-element-populated\">\n\t\t\t\t\t\t<div class=\"elementor-element elementor-element-3b309ea elementor-align-left elementor-widget elementor-widget-etheme_icon_box\" data-id=\"3b309ea\" data-element_type=\"widget\" data-e-type=\"widget\" data-settings=\"{&quot;icon_type&quot;:&quot;image&quot;}\" data-widget_type=\"etheme_icon_box.default\">\n\t\t\t\t<div class=\"elementor-widget-container\">\n\t\t\t\t\t\t\t\t<div class=\"etheme-icon-box etheme-icon-box-icon-position-left\">\n        \n                            \n                <div class=\"etheme-icon-box-icon etheme-icon-box-icon-type-image\">\n        \n                <img loading=\"lazy\" decoding=\"async\" width=\"31\" height=\"31\" src=\"https:\/\/ouziadrentacar.com\/wp-content\/uploads\/xstore\/xstore-placeholder-1x1.png\" class=\"attachment-full size-full wp-image-945 lazyload lazyload-simple et-lazyload-fadeIn\" alt=\"\" data-src=\"https:\/\/ouziadrentacar.com\/wp-content\/uploads\/2022\/07\/Icon2-min-1.jpeg\" \/>        \n                <\/div>\n            \n                <div class=\"etheme-icon-box-content\">\n\t\t\n                                        \n                                            <h3 class=\"etheme-icon-box-title\">\n                            <span>Manual Gear<\/span>\n                        <\/h3>\n                    \t\t\n                    \n                            \n                <\/div>\n\t\t\t<\/div>\n\t\t\t\t\t\t<\/div>\n\t\t\t\t<\/div>\n\t\t\t\t\t<\/div>\n\t\t<\/div>\n\t\t\t\t<div class=\"elementor-column elementor-col-25 elementor-top-column elementor-element elementor-element-d8ee55e\" data-id=\"d8ee55e\" data-element_type=\"column\" data-e-type=\"column\">\n\t\t\t<div class=\"elementor-widget-wrap elementor-element-populated\">\n\t\t\t\t\t\t<div class=\"elementor-element elementor-element-41318d0 elementor-align-left elementor-widget elementor-widget-etheme_icon_box\" data-id=\"41318d0\" data-element_type=\"widget\" data-e-type=\"widget\" data-settings=\"{&quot;icon_type&quot;:&quot;image&quot;}\" data-widget_type=\"etheme_icon_box.default\">\n\t\t\t\t<div class=\"elementor-widget-container\">\n\t\t\t\t\t\t\t\t<div class=\"etheme-icon-box etheme-icon-box-icon-position-left\">\n        \n                            \n                <div class=\"etheme-icon-box-icon etheme-icon-box-icon-type-image\">\n        \n                <img loading=\"lazy\" decoding=\"async\" width=\"33\" height=\"30\" src=\"https:\/\/ouziadrentacar.com\/wp-content\/uploads\/xstore\/xstore-placeholder.png\" class=\"attachment-full size-full wp-image-946 lazyload lazyload-simple et-lazyload-fadeIn\" alt=\"\" data-src=\"https:\/\/ouziadrentacar.com\/wp-content\/uploads\/2022\/07\/Icon3-min-1.jpeg\" \/>        \n                <\/div>\n            \n                <div class=\"etheme-icon-box-content\">\n\t\t\n                                        \n                                            <h3 class=\"etheme-icon-box-title\">\n                            <span>6 Luggages<\/span>\n                        <\/h3>\n                    \t\t\n                    \n                            \n                <\/div>\n\t\t\t<\/div>\n\t\t\t\t\t\t<\/div>\n\t\t\t\t<\/div>\n\t\t\t\t\t<\/div>\n\t\t<\/div>\n\t\t\t\t<div class=\"elementor-column elementor-col-25 elementor-top-column elementor-element elementor-element-539afc8\" data-id=\"539afc8\" data-element_type=\"column\" data-e-type=\"column\">\n\t\t\t<div class=\"elementor-widget-wrap elementor-element-populated\">\n\t\t\t\t\t\t<div class=\"elementor-element elementor-element-79e9a95 elementor-align-left elementor-widget elementor-widget-etheme_icon_box\" data-id=\"79e9a95\" data-element_type=\"widget\" data-e-type=\"widget\" data-settings=\"{&quot;icon_type&quot;:&quot;image&quot;}\" data-widget_type=\"etheme_icon_box.default\">\n\t\t\t\t<div class=\"elementor-widget-container\">\n\t\t\t\t\t\t\t\t<div class=\"etheme-icon-box etheme-icon-box-icon-position-left\">\n        \n                            \n                <div class=\"etheme-icon-box-icon etheme-icon-box-icon-type-image\">\n        \n                <img loading=\"lazy\" decoding=\"async\" width=\"39\" height=\"30\" src=\"https:\/\/ouziadrentacar.com\/wp-content\/uploads\/xstore\/xstore-placeholder.png\" class=\"attachment-full size-full wp-image-947 lazyload lazyload-simple et-lazyload-fadeIn\" alt=\"\" data-src=\"https:\/\/ouziadrentacar.com\/wp-content\/uploads\/2022\/07\/Icon4-min-1.jpeg\" \/>        \n                <\/div>\n            \n                <div class=\"etheme-icon-box-content\">\n\t\t\n                                        \n                                            <h3 class=\"etheme-icon-box-title\">\n                            <span>4 Doors<\/span>\n                        <\/h3>\n                    \t\t\n                    \n                            \n                <\/div>\n\t\t\t<\/div>\n\t\t\t\t\t\t<\/div>\n\t\t\t\t<\/div>\n\t\t\t\t\t<\/div>\n\t\t<\/div>\n\t\t\t\t\t<\/div>\n\t\t<\/section>\n\t\t\t\t<section class=\"elementor-section elementor-top-section elementor-element elementor-element-92be868 elementor-section-boxed elementor-section-height-default elementor-section-height-default\" data-id=\"92be868\" data-element_type=\"section\" data-e-type=\"section\">\n\t\t\t\t\t\t<div class=\"elementor-container elementor-column-gap-no\">\n\t\t\t\t\t<div class=\"elementor-column elementor-col-100 elementor-top-column elementor-element elementor-element-8903dad\" data-id=\"8903dad\" data-element_type=\"column\" data-e-type=\"column\">\n\t\t\t<div class=\"elementor-widget-wrap elementor-element-populated\">\n\t\t\t\t\t\t<div class=\"elementor-element elementor-element-ccebb06 elementor-widget elementor-widget-heading\" data-id=\"ccebb06\" data-element_type=\"widget\" data-e-type=\"widget\" data-widget_type=\"heading.default\">\n\t\t\t\t\t<h2 class=\"elementor-heading-title elementor-size-default\">Dacia Logan 2025 Manual Diesel Car Rental in Marrakech<\/h2>\t\t\t\t<\/div>\n\t\t\t\t<div class=\"elementor-element elementor-element-76eb563 elementor-widget elementor-widget-text-editor\" data-id=\"76eb563\" data-element_type=\"widget\" data-e-type=\"widget\" data-widget_type=\"text-editor.default\">\n\t\t\t\t\t\t\t\t\t<p data-start=\"197\" data-end=\"399\">Looking for a <strong data-start=\"211\" data-end=\"257\">cheap and reliable car rental in Marrakech<\/strong>? The <strong data-start=\"263\" data-end=\"297\">Dacia Logan Manuelle 2025 Diesel \u2013 Location voiture Marrakech<\/strong> is a practical and fuel-efficient sedan, perfect for both city driving and long trips across Morocco.<\/p><p data-start=\"401\" data-end=\"692\">With its <strong data-start=\"410\" data-end=\"490\">manual transmission, economical diesel engine (mazot), and spacious interior<\/strong>, the Dacia Logan offers a comfortable and smooth driving experience. It is one of the most popular choices for travelers looking for an <strong data-start=\"627\" data-end=\"691\">affordable car rental in Marrakech with low fuel consumption<\/strong>.<\/p><p data-start=\"694\" data-end=\"816\">Rent the <strong data-start=\"703\" data-end=\"750\">Dacia Logan 2025 Manual Diesel in Marrakech<\/strong> and enjoy comfort, reliability, and flexibility during your trip.<\/p>\t\t\t\t\t\t\t\t<\/div>\n\t\t\t\t<div class=\"elementor-element elementor-element-dc0e4bd elementor-widget elementor-widget-heading\" data-id=\"dc0e4bd\" data-element_type=\"widget\" data-e-type=\"widget\" data-widget_type=\"heading.default\">\n\t\t\t\t\t<h2 class=\"elementor-heading-title elementor-size-default\">Vehicle Specifications<\/h2>\t\t\t\t<\/div>\n\t\t\t\t<div class=\"elementor-element elementor-element-5486e52 elementor-widget elementor-widget-text-editor\" data-id=\"5486e52\" data-element_type=\"widget\" data-e-type=\"widget\" data-widget_type=\"text-editor.default\">\n\t\t\t\t\t\t\t\t\t<ul data-start=\"849\" data-end=\"1049\"><li data-section-id=\"186ieke\" data-start=\"849\" data-end=\"870\"><p data-start=\"851\" data-end=\"870\"><strong data-start=\"851\" data-end=\"866\">Passengers:<\/strong> 5<\/p><\/li><li data-section-id=\"xtj45r\" data-start=\"871\" data-end=\"904\"><p data-start=\"873\" data-end=\"904\"><strong data-start=\"873\" data-end=\"890\">Transmission:<\/strong> Manual Gear<\/p><\/li><li data-section-id=\"rvpdtv\" data-start=\"905\" data-end=\"921\"><p data-start=\"907\" data-end=\"921\"><strong data-start=\"907\" data-end=\"917\">Doors:<\/strong> 4<\/p><\/li><li data-section-id=\"1s3l4yj\" data-start=\"922\" data-end=\"958\"><p data-start=\"924\" data-end=\"958\"><strong data-start=\"924\" data-end=\"945\">Luggage Capacity:<\/strong> 5 \u2013 6 bags<\/p><\/li><li data-section-id=\"1167fda\" data-start=\"959\" data-end=\"992\"><p data-start=\"961\" data-end=\"992\"><strong data-start=\"961\" data-end=\"975\">Fuel Type:<\/strong> Diesel (Mazot)<\/p><\/li><li data-section-id=\"1xzjapg\" data-start=\"993\" data-end=\"1022\"><p data-start=\"995\" data-end=\"1022\"><strong data-start=\"995\" data-end=\"1016\">Air Conditioning:<\/strong> Yes<\/p><\/li><li data-section-id=\"asemsz\" data-start=\"1023\" data-end=\"1049\"><p data-start=\"1025\" data-end=\"1049\"><strong data-start=\"1025\" data-end=\"1037\">Mileage:<\/strong> Unlimited<\/p><\/li><\/ul><p data-start=\"1051\" data-end=\"1190\">The <strong data-start=\"1055\" data-end=\"1089\">Dacia Logan Manuelle 2025 Diesel \u2013 Location voiture Marrakech<\/strong> is ideal for travelers looking for a <strong data-start=\"1127\" data-end=\"1189\">fuel-efficient and budget-friendly car rental in Marrakech<\/strong>.<\/p>\t\t\t\t\t\t\t\t<\/div>\n\t\t\t\t<div class=\"elementor-element elementor-element-ca79d31 elementor-widget elementor-widget-heading\" data-id=\"ca79d31\" data-element_type=\"widget\" data-e-type=\"widget\" data-widget_type=\"heading.default\">\n\t\t\t\t\t<h2 class=\"elementor-heading-title elementor-size-default\">Why Rent the Dacia Logan in Marrakech?<\/h2>\t\t\t\t<\/div>\n\t\t\t\t<div class=\"elementor-element elementor-element-313d515 elementor-widget elementor-widget-text-editor\" data-id=\"313d515\" data-element_type=\"widget\" data-e-type=\"widget\" data-widget_type=\"text-editor.default\">\n\t\t\t\t\t\t\t\t\t<p data-start=\"1239\" data-end=\"1319\">The <strong data-start=\"1243\" data-end=\"1258\">Dacia Logan<\/strong> is one of the most rented cars in Morocco because it offers:<\/p><ul data-start=\"1321\" data-end=\"1513\"><li data-section-id=\"fq6go\" data-start=\"1321\" data-end=\"1356\"><p data-start=\"1323\" data-end=\"1356\">Excellent <strong data-start=\"1333\" data-end=\"1356\">diesel fuel economy<\/strong><\/p><\/li><li data-section-id=\"1ubkpuh\" data-start=\"1357\" data-end=\"1392\"><p data-start=\"1359\" data-end=\"1392\">Spacious interior and large trunk<\/p><\/li><li data-section-id=\"xvmvff\" data-start=\"1393\" data-end=\"1439\"><p data-start=\"1395\" data-end=\"1439\">Reliable performance for long-distance trips<\/p><\/li><li data-section-id=\"1t0uozt\" data-start=\"1440\" data-end=\"1487\"><p data-start=\"1442\" data-end=\"1487\">Comfortable ride for city and highway driving<\/p><\/li><li data-section-id=\"x21x6f\" data-start=\"1488\" data-end=\"1513\"><p data-start=\"1490\" data-end=\"1513\">Affordable rental price<\/p><\/li><\/ul><p data-start=\"1515\" data-end=\"1599\">It is perfect for <strong data-start=\"1533\" data-end=\"1598\">tourists, families, and business travelers visiting Marrakech<\/strong>.<\/p>\t\t\t\t\t\t\t\t<\/div>\n\t\t\t\t<div class=\"elementor-element elementor-element-28cb961 elementor-widget elementor-widget-heading\" data-id=\"28cb961\" data-element_type=\"widget\" data-e-type=\"widget\" data-widget_type=\"heading.default\">\n\t\t\t\t\t<h2 class=\"elementor-heading-title elementor-size-default\">Refueling Policy<\/h2>\t\t\t\t<\/div>\n\t\t\t\t<div class=\"elementor-element elementor-element-53d14eb elementor-widget elementor-widget-text-editor\" data-id=\"53d14eb\" data-element_type=\"widget\" data-e-type=\"widget\" data-widget_type=\"text-editor.default\">\n\t\t\t\t\t\t\t\t\t<p data-start=\"1626\" data-end=\"1803\">The vehicle must be returned with the <strong data-start=\"1664\" data-end=\"1708\">same fuel level as when it was picked up<\/strong>. If returned with less fuel, a refueling service fee may apply according to our rental policy.<\/p>\t\t\t\t\t\t\t\t<\/div>\n\t\t\t\t<div class=\"elementor-element elementor-element-ea6ef20 elementor-widget elementor-widget-heading\" data-id=\"ea6ef20\" data-element_type=\"widget\" data-e-type=\"widget\" data-widget_type=\"heading.default\">\n\t\t\t\t\t<h2 class=\"elementor-heading-title elementor-size-default\">Insurance &amp; Theft Protection<\/h2>\t\t\t\t<\/div>\n\t\t\t\t<div class=\"elementor-element elementor-element-97eb20d elementor-widget elementor-widget-text-editor\" data-id=\"97eb20d\" data-element_type=\"widget\" data-e-type=\"widget\" data-widget_type=\"text-editor.default\">\n\t\t\t\t\t\t\t\t\t<p>All rentals include <strong data-start=\"1862\" data-end=\"1902\">basic insurance and theft protection<\/strong>. In case of theft or damage, the renter must notify the rental company and local authorities immediately.<\/p>\t\t\t\t\t\t\t\t<\/div>\n\t\t\t\t<div class=\"elementor-element elementor-element-8be1a1c elementor-widget elementor-widget-heading\" data-id=\"8be1a1c\" data-element_type=\"widget\" data-e-type=\"widget\" data-widget_type=\"heading.default\">\n\t\t\t\t\t<h2 class=\"elementor-heading-title elementor-size-default\">Annulation gratuite<\/h2>\t\t\t\t<\/div>\n\t\t\t\t<div class=\"elementor-element elementor-element-227b046 elementor-widget elementor-widget-text-editor\" data-id=\"227b046\" data-element_type=\"widget\" data-e-type=\"widget\" data-widget_type=\"text-editor.default\">\n\t\t\t\t\t\t\t\t\t<p>Enjoy <strong data-start=\"2042\" data-end=\"2080\">free cancellation on most bookings<\/strong> before the scheduled pickup date. Please check the rental terms and conditions for full details.<\/p>\t\t\t\t\t\t\t\t<\/div>\n\t\t\t\t\t<\/div>\n\t\t<\/div>\n\t\t\t\t\t<\/div>\n\t\t<\/section>\n\t\t\t\t<\/div>","protected":false},"excerpt":{"rendered":"<p>The <strong data-start=\"259\" data-end=\"293\">Dacia Logan Manuelle 2025 Diesel \u2013 Location voiture Marrakech<\/strong> est une berline spacieuse et \u00e9conomique, id\u00e9ale pour les voyageurs \u00e0 la recherche d'une <strong data-start=\"366\" data-end=\"421\">Location de voiture fiable et \u00e9conomique \u00e0 Marrakech<\/strong>.<\/p>\n<div id=\"gtx-trans\" style=\"position: absolute; left: 298px; top: -9px;\">\n<div class=\"gtx-trans-icon\"><\/div>\n<\/div>","protected":false},"featured_media":1511,"comment_status":"open","ping_status":"closed","template":"","meta":[],"etheme_brands":[{"term_id":39,"name":"Dacia","slug":"dacia","term_group":0,"term_taxonomy_id":39,"taxonomy":"brand","description":"","parent":0,"count":3,"filter":"raw"}],"product_brand":[],"product_cat":[44],"product_tag":[],"class_list":{"0":"post-1017","1":"product","2":"type-product","3":"status-publish","4":"has-post-thumbnail","6":"brand-dacia","7":"product_cat-family-cars","9":"first","10":"instock","11":"sold-individually","12":"shipping-taxable","13":"purchasable","14":"product-type-simple"},"_links":{"self":[{"href":"https:\/\/ouziadrentacar.com\/fr\/wp-json\/wp\/v2\/product\/1017","targetHints":{"allow":["GET"]}}],"collection":[{"href":"https:\/\/ouziadrentacar.com\/fr\/wp-json\/wp\/v2\/product"}],"about":[{"href":"https:\/\/ouziadrentacar.com\/fr\/wp-json\/wp\/v2\/types\/product"}],"replies":[{"embeddable":true,"href":"https:\/\/ouziadrentacar.com\/fr\/wp-json\/wp\/v2\/comments?post=1017"}],"version-history":[{"count":7,"href":"https:\/\/ouziadrentacar.com\/fr\/wp-json\/wp\/v2\/product\/1017\/revisions"}],"predecessor-version":[{"id":1552,"href":"https:\/\/ouziadrentacar.com\/fr\/wp-json\/wp\/v2\/product\/1017\/revisions\/1552"}],"wp:featuredmedia":[{"embeddable":true,"href":"https:\/\/ouziadrentacar.com\/fr\/wp-json\/wp\/v2\/media\/1511"}],"wp:attachment":[{"href":"https:\/\/ouziadrentacar.com\/fr\/wp-json\/wp\/v2\/media?parent=1017"}],"wp:term":[{"taxonomy":"brand","embeddable":true,"href":"https:\/\/ouziadrentacar.com\/fr\/wp-json\/wp\/v2\/etheme_brands?post=1017"},{"taxonomy":"product_brand","embeddable":true,"href":"https:\/\/ouziadrentacar.com\/fr\/wp-json\/wp\/v2\/product_brand?post=1017"},{"taxonomy":"product_cat","embeddable":true,"href":"https:\/\/ouziadrentacar.com\/fr\/wp-json\/wp\/v2\/product_cat?post=1017"},{"taxonomy":"product_tag","embeddable":true,"href":"https:\/\/ouziadrentacar.com\/fr\/wp-json\/wp\/v2\/product_tag?post=1017"}],"curies":[{"name":"wp","href":"https:\/\/api.w.org\/{rel}","templated":true}]}}