{"id":1018,"date":"2022-07-11T06:49:15","date_gmt":"2022-07-11T06:49:15","guid":{"rendered":"https:\/\/xstore.8theme.com\/elementor\/demos\/rental-car\/?post_type=product&#038;p=1018"},"modified":"2026-03-24T15:48:33","modified_gmt":"2026-03-24T15:48:33","slug":"kia-picanto-automatic-2024-petrol-car-rental-in-marrakech","status":"publish","type":"product","link":"https:\/\/ouziadrentacar.com\/fr\/produit\/kia-picanto-automatic-2024-petrol-car-rental-in-marrakech\/","title":{"rendered":"Kia Picanto Automatique 2024 \u2013 Essence"},"content":{"rendered":"<div data-elementor-type=\"wp-post\" data-elementor-id=\"1018\" class=\"elementor elementor-1018\">\n\t\t\t\t\t\t<section class=\"elementor-section elementor-top-section elementor-element elementor-element-19a68c0 elementor-section-boxed elementor-section-height-default elementor-section-height-default\" data-id=\"19a68c0\" data-element_type=\"section\" data-e-type=\"section\">\n\t\t\t\t\t\t<div class=\"elementor-container elementor-column-gap-custom\">\n\t\t\t\t\t<div class=\"elementor-column elementor-col-25 elementor-top-column elementor-element elementor-element-e14157f\" data-id=\"e14157f\" data-element_type=\"column\" data-e-type=\"column\">\n\t\t\t<div class=\"elementor-widget-wrap elementor-element-populated\">\n\t\t\t\t\t\t<div class=\"elementor-element elementor-element-61c01ec elementor-align-left elementor-widget elementor-widget-etheme_icon_box\" data-id=\"61c01ec\" data-element_type=\"widget\" data-e-type=\"widget\" data-settings=\"{&quot;icon_type&quot;:&quot;image&quot;}\" data-widget_type=\"etheme_icon_box.default\">\n\t\t\t\t<div class=\"elementor-widget-container\">\n\t\t\t\t\t\t\t\t<div class=\"etheme-icon-box etheme-icon-box-icon-position-left\">\n        \n                            \n                <div class=\"etheme-icon-box-icon etheme-icon-box-icon-type-image\">\n        \n                <img loading=\"lazy\" decoding=\"async\" width=\"31\" height=\"31\" src=\"https:\/\/ouziadrentacar.com\/wp-content\/uploads\/xstore\/xstore-placeholder-1x1.png\" class=\"attachment-full size-full wp-image-944 lazyload lazyload-simple et-lazyload-fadeIn\" alt=\"\" data-src=\"https:\/\/ouziadrentacar.com\/wp-content\/uploads\/2022\/07\/Icon-min-1.jpeg\" \/>        \n                <\/div>\n            \n                <div class=\"etheme-icon-box-content\">\n\t\t\n                                        \n                                            <h3 class=\"etheme-icon-box-title\">\n                            <span>4 Passengers<\/span>\n                        <\/h3>\n                    \t\t\n                    \n                            \n                <\/div>\n\t\t\t<\/div>\n\t\t\t\t\t\t<\/div>\n\t\t\t\t<\/div>\n\t\t\t\t\t<\/div>\n\t\t<\/div>\n\t\t\t\t<div class=\"elementor-column elementor-col-25 elementor-top-column elementor-element elementor-element-ca817a6\" data-id=\"ca817a6\" data-element_type=\"column\" data-e-type=\"column\">\n\t\t\t<div class=\"elementor-widget-wrap elementor-element-populated\">\n\t\t\t\t\t\t<div class=\"elementor-element elementor-element-3b309ea elementor-align-left elementor-widget elementor-widget-etheme_icon_box\" data-id=\"3b309ea\" data-element_type=\"widget\" data-e-type=\"widget\" data-settings=\"{&quot;icon_type&quot;:&quot;image&quot;}\" data-widget_type=\"etheme_icon_box.default\">\n\t\t\t\t<div class=\"elementor-widget-container\">\n\t\t\t\t\t\t\t\t<div class=\"etheme-icon-box etheme-icon-box-icon-position-left\">\n        \n                            \n                <div class=\"etheme-icon-box-icon etheme-icon-box-icon-type-image\">\n        \n                <img loading=\"lazy\" decoding=\"async\" width=\"31\" height=\"31\" src=\"https:\/\/ouziadrentacar.com\/wp-content\/uploads\/xstore\/xstore-placeholder-1x1.png\" class=\"attachment-full size-full wp-image-945 lazyload lazyload-simple et-lazyload-fadeIn\" alt=\"\" data-src=\"https:\/\/ouziadrentacar.com\/wp-content\/uploads\/2022\/07\/Icon2-min-1.jpeg\" \/>        \n                <\/div>\n            \n                <div class=\"etheme-icon-box-content\">\n\t\t\n                                        \n                                            <h3 class=\"etheme-icon-box-title\">\n                            <span>Auto Gear<\/span>\n                        <\/h3>\n                    \t\t\n                    \n                            \n                <\/div>\n\t\t\t<\/div>\n\t\t\t\t\t\t<\/div>\n\t\t\t\t<\/div>\n\t\t\t\t\t<\/div>\n\t\t<\/div>\n\t\t\t\t<div class=\"elementor-column elementor-col-25 elementor-top-column elementor-element elementor-element-d8ee55e\" data-id=\"d8ee55e\" data-element_type=\"column\" data-e-type=\"column\">\n\t\t\t<div class=\"elementor-widget-wrap elementor-element-populated\">\n\t\t\t\t\t\t<div class=\"elementor-element elementor-element-41318d0 elementor-align-left elementor-widget elementor-widget-etheme_icon_box\" data-id=\"41318d0\" data-element_type=\"widget\" data-e-type=\"widget\" data-settings=\"{&quot;icon_type&quot;:&quot;image&quot;}\" data-widget_type=\"etheme_icon_box.default\">\n\t\t\t\t<div class=\"elementor-widget-container\">\n\t\t\t\t\t\t\t\t<div class=\"etheme-icon-box etheme-icon-box-icon-position-left\">\n        \n                            \n                <div class=\"etheme-icon-box-icon etheme-icon-box-icon-type-image\">\n        \n                <img loading=\"lazy\" decoding=\"async\" width=\"33\" height=\"30\" src=\"https:\/\/ouziadrentacar.com\/wp-content\/uploads\/xstore\/xstore-placeholder.png\" class=\"attachment-full size-full wp-image-946 lazyload lazyload-simple et-lazyload-fadeIn\" alt=\"\" data-src=\"https:\/\/ouziadrentacar.com\/wp-content\/uploads\/2022\/07\/Icon3-min-1.jpeg\" \/>        \n                <\/div>\n            \n                <div class=\"etheme-icon-box-content\">\n\t\t\n                                        \n                                            <h3 class=\"etheme-icon-box-title\">\n                            <span>6 Luggages<\/span>\n                        <\/h3>\n                    \t\t\n                    \n                            \n                <\/div>\n\t\t\t<\/div>\n\t\t\t\t\t\t<\/div>\n\t\t\t\t<\/div>\n\t\t\t\t\t<\/div>\n\t\t<\/div>\n\t\t\t\t<div class=\"elementor-column elementor-col-25 elementor-top-column elementor-element elementor-element-539afc8\" data-id=\"539afc8\" data-element_type=\"column\" data-e-type=\"column\">\n\t\t\t<div class=\"elementor-widget-wrap elementor-element-populated\">\n\t\t\t\t\t\t<div class=\"elementor-element elementor-element-79e9a95 elementor-align-left elementor-widget elementor-widget-etheme_icon_box\" data-id=\"79e9a95\" data-element_type=\"widget\" data-e-type=\"widget\" data-settings=\"{&quot;icon_type&quot;:&quot;image&quot;}\" data-widget_type=\"etheme_icon_box.default\">\n\t\t\t\t<div class=\"elementor-widget-container\">\n\t\t\t\t\t\t\t\t<div class=\"etheme-icon-box etheme-icon-box-icon-position-left\">\n        \n                            \n                <div class=\"etheme-icon-box-icon etheme-icon-box-icon-type-image\">\n        \n                <img loading=\"lazy\" decoding=\"async\" width=\"39\" height=\"30\" src=\"https:\/\/ouziadrentacar.com\/wp-content\/uploads\/xstore\/xstore-placeholder.png\" class=\"attachment-full size-full wp-image-947 lazyload lazyload-simple et-lazyload-fadeIn\" alt=\"\" data-src=\"https:\/\/ouziadrentacar.com\/wp-content\/uploads\/2022\/07\/Icon4-min-1.jpeg\" \/>        \n                <\/div>\n            \n                <div class=\"etheme-icon-box-content\">\n\t\t\n                                        \n                                            <h3 class=\"etheme-icon-box-title\">\n                            <span>4 Doors<\/span>\n                        <\/h3>\n                    \t\t\n                    \n                            \n                <\/div>\n\t\t\t<\/div>\n\t\t\t\t\t\t<\/div>\n\t\t\t\t<\/div>\n\t\t\t\t\t<\/div>\n\t\t<\/div>\n\t\t\t\t\t<\/div>\n\t\t<\/section>\n\t\t\t\t<section class=\"elementor-section elementor-top-section elementor-element elementor-element-92be868 elementor-section-boxed elementor-section-height-default elementor-section-height-default\" data-id=\"92be868\" data-element_type=\"section\" data-e-type=\"section\">\n\t\t\t\t\t\t<div class=\"elementor-container elementor-column-gap-no\">\n\t\t\t\t\t<div class=\"elementor-column elementor-col-100 elementor-top-column elementor-element elementor-element-8903dad\" data-id=\"8903dad\" data-element_type=\"column\" data-e-type=\"column\">\n\t\t\t<div class=\"elementor-widget-wrap elementor-element-populated\">\n\t\t\t\t\t\t<div class=\"elementor-element elementor-element-ccebb06 elementor-widget elementor-widget-heading\" data-id=\"ccebb06\" data-element_type=\"widget\" data-e-type=\"widget\" data-widget_type=\"heading.default\">\n\t\t\t\t\t<h2 class=\"elementor-heading-title elementor-size-default\">Unlimited Mileage<\/h2>\t\t\t\t<\/div>\n\t\t\t\t<div class=\"elementor-element elementor-element-76eb563 elementor-widget elementor-widget-text-editor\" data-id=\"76eb563\" data-element_type=\"widget\" data-e-type=\"widget\" data-widget_type=\"text-editor.default\">\n\t\t\t\t\t\t\t\t\tConsectetur vero eos et accusamus, adipiscing elit. Sed sodales nibh et suscipit placerat. Cras odio ante. Praesent elit massa, pharetra et lacus id, gravida congue nulla. Donec in tempor odio. Maecenas bibendum sagittis laoreet. Proin mauris erat, viverra eget neque at, congue posuere. \t\t\t\t\t\t\t\t<\/div>\n\t\t\t\t<div class=\"elementor-element elementor-element-dc0e4bd elementor-widget elementor-widget-heading\" data-id=\"dc0e4bd\" data-element_type=\"widget\" data-e-type=\"widget\" data-widget_type=\"heading.default\">\n\t\t\t\t\t<h2 class=\"elementor-heading-title elementor-size-default\">Refueling Policy<\/h2>\t\t\t\t<\/div>\n\t\t\t\t<div class=\"elementor-element elementor-element-5486e52 elementor-widget elementor-widget-text-editor\" data-id=\"5486e52\" data-element_type=\"widget\" data-e-type=\"widget\" data-widget_type=\"text-editor.default\">\n\t\t\t\t\t\t\t\t\tAt vero eos et accusamus, consectetur adipiscing elit. Sed sodales nibh et suscipit placerat. Cras et odio ante. Praesent elit massa, pharetra et lacus id, gravida congue nulla. Donec in tempor odio. Maecenas bibendum sagittis laoreet. Proin mauris erat, viverra eget neque at, congue posuere erat.\t\t\t\t\t\t\t\t<\/div>\n\t\t\t\t<div class=\"elementor-element elementor-element-ea6ef20 elementor-widget elementor-widget-heading\" data-id=\"ea6ef20\" data-element_type=\"widget\" data-e-type=\"widget\" data-widget_type=\"heading.default\">\n\t\t\t\t\t<h2 class=\"elementor-heading-title elementor-size-default\">Theft Protection<\/h2>\t\t\t\t<\/div>\n\t\t\t\t<div class=\"elementor-element elementor-element-97eb20d elementor-widget elementor-widget-text-editor\" data-id=\"97eb20d\" data-element_type=\"widget\" data-e-type=\"widget\" data-widget_type=\"text-editor.default\">\n\t\t\t\t\t\t\t\t\tThere are many variations of passages lorem ipsum available, but the majority have suffered alterati\nin some form, by injected humour, or randomised words which don&#8217;t look even sihtly believable. you\nare going to use a passage of Lorem Ipsum, you need to be sure there isn&#8217;t anything.\t\t\t\t\t\t\t\t<\/div>\n\t\t\t\t<div class=\"elementor-element elementor-element-8be1a1c elementor-widget elementor-widget-heading\" data-id=\"8be1a1c\" data-element_type=\"widget\" data-e-type=\"widget\" data-widget_type=\"heading.default\">\n\t\t\t\t\t<h2 class=\"elementor-heading-title elementor-size-default\">Annulation gratuite<\/h2>\t\t\t\t<\/div>\n\t\t\t\t<div class=\"elementor-element elementor-element-227b046 elementor-widget elementor-widget-text-editor\" data-id=\"227b046\" data-element_type=\"widget\" data-e-type=\"widget\" data-widget_type=\"text-editor.default\">\n\t\t\t\t\t\t\t\t\tThe standard chunk of Lorem Ipsum used since the 1500s is reproduced below for those interested. Sections 1.10.32 and 1.10.33 from &#8220;de Finibus Bonorum et Malorum&#8221; by Cicero are also reproduced\ntheir exact original form, accompanied by English versions from the 1914 translation by H. Rackham.\t\t\t\t\t\t\t\t<\/div>\n\t\t\t\t\t<\/div>\n\t\t<\/div>\n\t\t\t\t\t<\/div>\n\t\t<\/section>\n\t\t\t\t<\/div>","protected":false},"excerpt":{"rendered":"<p>Kia Picanto automatique 2024 \u2013 Essence\nVoiture compacte, \u00e9conomique et id\u00e9ale pour la conduite en ville \u00e0 Marrakech.<\/p>","protected":false},"featured_media":1526,"comment_status":"open","ping_status":"closed","template":"","meta":[],"etheme_brands":[{"term_id":43,"name":"Kia","slug":"kia","term_group":0,"term_taxonomy_id":43,"taxonomy":"brand","description":"","parent":0,"count":1,"filter":"raw"}],"product_brand":[],"product_cat":[44],"product_tag":[],"class_list":{"0":"post-1018","1":"product","2":"type-product","3":"status-publish","4":"has-post-thumbnail","6":"brand-kia","7":"product_cat-family-cars","9":"first","10":"instock","11":"sold-individually","12":"shipping-taxable","13":"purchasable","14":"product-type-simple"},"_links":{"self":[{"href":"https:\/\/ouziadrentacar.com\/fr\/wp-json\/wp\/v2\/product\/1018","targetHints":{"allow":["GET"]}}],"collection":[{"href":"https:\/\/ouziadrentacar.com\/fr\/wp-json\/wp\/v2\/product"}],"about":[{"href":"https:\/\/ouziadrentacar.com\/fr\/wp-json\/wp\/v2\/types\/product"}],"replies":[{"embeddable":true,"href":"https:\/\/ouziadrentacar.com\/fr\/wp-json\/wp\/v2\/comments?post=1018"}],"version-history":[{"count":5,"href":"https:\/\/ouziadrentacar.com\/fr\/wp-json\/wp\/v2\/product\/1018\/revisions"}],"predecessor-version":[{"id":1564,"href":"https:\/\/ouziadrentacar.com\/fr\/wp-json\/wp\/v2\/product\/1018\/revisions\/1564"}],"wp:featuredmedia":[{"embeddable":true,"href":"https:\/\/ouziadrentacar.com\/fr\/wp-json\/wp\/v2\/media\/1526"}],"wp:attachment":[{"href":"https:\/\/ouziadrentacar.com\/fr\/wp-json\/wp\/v2\/media?parent=1018"}],"wp:term":[{"taxonomy":"brand","embeddable":true,"href":"https:\/\/ouziadrentacar.com\/fr\/wp-json\/wp\/v2\/etheme_brands?post=1018"},{"taxonomy":"product_brand","embeddable":true,"href":"https:\/\/ouziadrentacar.com\/fr\/wp-json\/wp\/v2\/product_brand?post=1018"},{"taxonomy":"product_cat","embeddable":true,"href":"https:\/\/ouziadrentacar.com\/fr\/wp-json\/wp\/v2\/product_cat?post=1018"},{"taxonomy":"product_tag","embeddable":true,"href":"https:\/\/ouziadrentacar.com\/fr\/wp-json\/wp\/v2\/product_tag?post=1018"}],"curies":[{"name":"wp","href":"https:\/\/api.w.org\/{rel}","templated":true}]}}