{"id":1019,"date":"2022-07-11T06:49:16","date_gmt":"2022-07-11T06:49:16","guid":{"rendered":"https:\/\/xstore.8theme.com\/elementor\/demos\/rental-car\/?post_type=product&#038;p=1019"},"modified":"2026-03-24T15:48:19","modified_gmt":"2026-03-24T15:48:19","slug":"dacia-sandero-stepway-automatic-2021-diesel-car-rental-in-marrakech","status":"publish","type":"product","link":"https:\/\/ouziadrentacar.com\/fr\/produit\/dacia-sandero-stepway-automatic-2021-diesel-car-rental-in-marrakech\/","title":{"rendered":"Dacia Sandero Stepway Automatique 2021 Diesel \u2013 Location voiture Marrakech"},"content":{"rendered":"<div data-elementor-type=\"wp-post\" data-elementor-id=\"1019\" class=\"elementor elementor-1019\">\n\t\t\t\t\t\t<section class=\"elementor-section elementor-top-section elementor-element elementor-element-19a68c0 elementor-section-boxed elementor-section-height-default elementor-section-height-default\" data-id=\"19a68c0\" data-element_type=\"section\" data-e-type=\"section\">\n\t\t\t\t\t\t<div class=\"elementor-container elementor-column-gap-custom\">\n\t\t\t\t\t<div class=\"elementor-column elementor-col-25 elementor-top-column elementor-element elementor-element-e14157f\" data-id=\"e14157f\" data-element_type=\"column\" data-e-type=\"column\">\n\t\t\t<div class=\"elementor-widget-wrap elementor-element-populated\">\n\t\t\t\t\t\t<div class=\"elementor-element elementor-element-61c01ec elementor-align-left elementor-widget elementor-widget-etheme_icon_box\" data-id=\"61c01ec\" data-element_type=\"widget\" data-e-type=\"widget\" data-settings=\"{&quot;icon_type&quot;:&quot;image&quot;}\" data-widget_type=\"etheme_icon_box.default\">\n\t\t\t\t<div class=\"elementor-widget-container\">\n\t\t\t\t\t\t\t\t<div class=\"etheme-icon-box etheme-icon-box-icon-position-left\">\n        \n                            \n                <div class=\"etheme-icon-box-icon etheme-icon-box-icon-type-image\">\n        \n                <img loading=\"lazy\" decoding=\"async\" width=\"31\" height=\"31\" src=\"https:\/\/ouziadrentacar.com\/wp-content\/uploads\/xstore\/xstore-placeholder-1x1.png\" class=\"attachment-full size-full wp-image-944 lazyload lazyload-simple et-lazyload-fadeIn\" alt=\"\" data-src=\"https:\/\/ouziadrentacar.com\/wp-content\/uploads\/2022\/07\/Icon-min-1.jpeg\" \/>        \n                <\/div>\n            \n                <div class=\"etheme-icon-box-content\">\n\t\t\n                                        \n                                            <h3 class=\"etheme-icon-box-title\">\n                            <span>4-5 Passengers<\/span>\n                        <\/h3>\n                    \t\t\n                    \n                            \n                <\/div>\n\t\t\t<\/div>\n\t\t\t\t\t\t<\/div>\n\t\t\t\t<\/div>\n\t\t\t\t\t<\/div>\n\t\t<\/div>\n\t\t\t\t<div class=\"elementor-column elementor-col-25 elementor-top-column elementor-element elementor-element-ca817a6\" data-id=\"ca817a6\" data-element_type=\"column\" data-e-type=\"column\">\n\t\t\t<div class=\"elementor-widget-wrap elementor-element-populated\">\n\t\t\t\t\t\t<div class=\"elementor-element elementor-element-3b309ea elementor-align-left elementor-widget elementor-widget-etheme_icon_box\" data-id=\"3b309ea\" data-element_type=\"widget\" data-e-type=\"widget\" data-settings=\"{&quot;icon_type&quot;:&quot;image&quot;}\" data-widget_type=\"etheme_icon_box.default\">\n\t\t\t\t<div class=\"elementor-widget-container\">\n\t\t\t\t\t\t\t\t<div class=\"etheme-icon-box etheme-icon-box-icon-position-left\">\n        \n                            \n                <div class=\"etheme-icon-box-icon etheme-icon-box-icon-type-image\">\n        \n                <img loading=\"lazy\" decoding=\"async\" width=\"31\" height=\"31\" src=\"https:\/\/ouziadrentacar.com\/wp-content\/uploads\/xstore\/xstore-placeholder-1x1.png\" class=\"attachment-full size-full wp-image-945 lazyload lazyload-simple et-lazyload-fadeIn\" alt=\"\" data-src=\"https:\/\/ouziadrentacar.com\/wp-content\/uploads\/2022\/07\/Icon2-min-1.jpeg\" \/>        \n                <\/div>\n            \n                <div class=\"etheme-icon-box-content\">\n\t\t\n                                        \n                                            <h3 class=\"etheme-icon-box-title\">\n                            <span>Auto Gear<\/span>\n                        <\/h3>\n                    \t\t\n                    \n                            \n                <\/div>\n\t\t\t<\/div>\n\t\t\t\t\t\t<\/div>\n\t\t\t\t<\/div>\n\t\t\t\t\t<\/div>\n\t\t<\/div>\n\t\t\t\t<div class=\"elementor-column elementor-col-25 elementor-top-column elementor-element elementor-element-d8ee55e\" data-id=\"d8ee55e\" data-element_type=\"column\" data-e-type=\"column\">\n\t\t\t<div class=\"elementor-widget-wrap elementor-element-populated\">\n\t\t\t\t\t\t<div class=\"elementor-element elementor-element-41318d0 elementor-align-left elementor-widget elementor-widget-etheme_icon_box\" data-id=\"41318d0\" data-element_type=\"widget\" data-e-type=\"widget\" data-settings=\"{&quot;icon_type&quot;:&quot;image&quot;}\" data-widget_type=\"etheme_icon_box.default\">\n\t\t\t\t<div class=\"elementor-widget-container\">\n\t\t\t\t\t\t\t\t<div class=\"etheme-icon-box etheme-icon-box-icon-position-left\">\n        \n                            \n                <div class=\"etheme-icon-box-icon etheme-icon-box-icon-type-image\">\n        \n                <img loading=\"lazy\" decoding=\"async\" width=\"33\" height=\"30\" src=\"https:\/\/ouziadrentacar.com\/wp-content\/uploads\/xstore\/xstore-placeholder.png\" class=\"attachment-full size-full wp-image-946 lazyload lazyload-simple et-lazyload-fadeIn\" alt=\"\" data-src=\"https:\/\/ouziadrentacar.com\/wp-content\/uploads\/2022\/07\/Icon3-min-1.jpeg\" \/>        \n                <\/div>\n            \n                <div class=\"etheme-icon-box-content\">\n\t\t\n                                        \n                                            <h3 class=\"etheme-icon-box-title\">\n                            <span>5-6 Luggages<\/span>\n                        <\/h3>\n                    \t\t\n                    \n                            \n                <\/div>\n\t\t\t<\/div>\n\t\t\t\t\t\t<\/div>\n\t\t\t\t<\/div>\n\t\t\t\t\t<\/div>\n\t\t<\/div>\n\t\t\t\t<div class=\"elementor-column elementor-col-25 elementor-top-column elementor-element elementor-element-539afc8\" data-id=\"539afc8\" data-element_type=\"column\" data-e-type=\"column\">\n\t\t\t<div class=\"elementor-widget-wrap elementor-element-populated\">\n\t\t\t\t\t\t<div class=\"elementor-element elementor-element-79e9a95 elementor-align-left elementor-widget elementor-widget-etheme_icon_box\" data-id=\"79e9a95\" data-element_type=\"widget\" data-e-type=\"widget\" data-settings=\"{&quot;icon_type&quot;:&quot;image&quot;}\" data-widget_type=\"etheme_icon_box.default\">\n\t\t\t\t<div class=\"elementor-widget-container\">\n\t\t\t\t\t\t\t\t<div class=\"etheme-icon-box etheme-icon-box-icon-position-left\">\n        \n                            \n                <div class=\"etheme-icon-box-icon etheme-icon-box-icon-type-image\">\n        \n                <img loading=\"lazy\" decoding=\"async\" width=\"39\" height=\"30\" src=\"https:\/\/ouziadrentacar.com\/wp-content\/uploads\/xstore\/xstore-placeholder.png\" class=\"attachment-full size-full wp-image-947 lazyload lazyload-simple et-lazyload-fadeIn\" alt=\"\" data-src=\"https:\/\/ouziadrentacar.com\/wp-content\/uploads\/2022\/07\/Icon4-min-1.jpeg\" \/>        \n                <\/div>\n            \n                <div class=\"etheme-icon-box-content\">\n\t\t\n                                        \n                                            <h3 class=\"etheme-icon-box-title\">\n                            <span>4 Doors<\/span>\n                        <\/h3>\n                    \t\t\n                    \n                            \n                <\/div>\n\t\t\t<\/div>\n\t\t\t\t\t\t<\/div>\n\t\t\t\t<\/div>\n\t\t\t\t\t<\/div>\n\t\t<\/div>\n\t\t\t\t\t<\/div>\n\t\t<\/section>\n\t\t\t\t<section class=\"elementor-section elementor-top-section elementor-element elementor-element-92be868 elementor-section-boxed elementor-section-height-default elementor-section-height-default\" data-id=\"92be868\" data-element_type=\"section\" data-e-type=\"section\">\n\t\t\t\t\t\t<div class=\"elementor-container elementor-column-gap-no\">\n\t\t\t\t\t<div class=\"elementor-column elementor-col-100 elementor-top-column elementor-element elementor-element-8903dad\" data-id=\"8903dad\" data-element_type=\"column\" data-e-type=\"column\">\n\t\t\t<div class=\"elementor-widget-wrap elementor-element-populated\">\n\t\t\t\t\t\t<div class=\"elementor-element elementor-element-ccebb06 elementor-widget elementor-widget-heading\" data-id=\"ccebb06\" data-element_type=\"widget\" data-e-type=\"widget\" data-widget_type=\"heading.default\">\n\t\t\t\t\t<h2 class=\"elementor-heading-title elementor-size-default\">Dacia Sandero Stepway Automatic 2021 Diesel Car Rental in Marrakech<\/h2>\t\t\t\t<\/div>\n\t\t\t\t<div class=\"elementor-element elementor-element-76eb563 elementor-widget elementor-widget-text-editor\" data-id=\"76eb563\" data-element_type=\"widget\" data-e-type=\"widget\" data-widget_type=\"text-editor.default\">\n\t\t\t\t\t\t\t\t\t<p data-start=\"194\" data-end=\"458\">Looking for a <strong data-start=\"208\" data-end=\"270\">comfortable and reliable automatic car rental in Marrakech<\/strong>? The <strong data-start=\"276\" data-end=\"323\">Dacia Sandero Stepway Automatique 2021 Diesel \u2013 Location voiture Marrakech<\/strong> is a versatile crossover-style hatchback that offers excellent fuel efficiency, modern features, and a comfortable driving experience.<\/p><p data-start=\"460\" data-end=\"732\">With its <strong data-start=\"469\" data-end=\"552\">automatic transmission, elevated ground clearance, and economical diesel engine<\/strong>, the Sandero Stepway is perfect for both city driving and trips across Morocco. It is a great option for travelers who want a <strong data-start=\"679\" data-end=\"731\">practical and affordable car rental in Marrakech<\/strong>.<\/p><p data-start=\"734\" data-end=\"869\">Rent the <strong data-start=\"743\" data-end=\"803\">Dacia Sandero Stepway Automatic 2021 Diesel in Marrakech<\/strong> and enjoy comfort, flexibility, and performance during your trip.<\/p>\t\t\t\t\t\t\t\t<\/div>\n\t\t\t\t<div class=\"elementor-element elementor-element-dc0e4bd elementor-widget elementor-widget-heading\" data-id=\"dc0e4bd\" data-element_type=\"widget\" data-e-type=\"widget\" data-widget_type=\"heading.default\">\n\t\t\t\t\t<h2 class=\"elementor-heading-title elementor-size-default\">Vehicle Specifications<\/h2>\t\t\t\t<\/div>\n\t\t\t\t<div class=\"elementor-element elementor-element-5486e52 elementor-widget elementor-widget-text-editor\" data-id=\"5486e52\" data-element_type=\"widget\" data-e-type=\"widget\" data-widget_type=\"text-editor.default\">\n\t\t\t\t\t\t\t\t\t<ul data-start=\"902\" data-end=\"1097\"><li data-section-id=\"186ieke\" data-start=\"902\" data-end=\"923\"><p data-start=\"904\" data-end=\"923\"><strong data-start=\"904\" data-end=\"919\">Passengers:<\/strong> 5<\/p><\/li><li data-section-id=\"ytqvc\" data-start=\"924\" data-end=\"960\"><p data-start=\"926\" data-end=\"960\"><strong data-start=\"926\" data-end=\"943\">Transmission:<\/strong> Automatic Gear<\/p><\/li><li data-section-id=\"rvpema\" data-start=\"961\" data-end=\"977\"><p data-start=\"963\" data-end=\"977\"><strong data-start=\"963\" data-end=\"973\">Doors:<\/strong> 5<\/p><\/li><li data-section-id=\"9d1lsp\" data-start=\"978\" data-end=\"1014\"><p data-start=\"980\" data-end=\"1014\"><strong data-start=\"980\" data-end=\"1001\">Luggage Capacity:<\/strong> 4 \u2013 5 bags<\/p><\/li><li data-section-id=\"1xvo5xe\" data-start=\"1015\" data-end=\"1040\"><p data-start=\"1017\" data-end=\"1040\"><strong data-start=\"1017\" data-end=\"1031\">Fuel Type:<\/strong> Diesel<\/p><\/li><li data-section-id=\"1xzjapg\" data-start=\"1041\" data-end=\"1070\"><p data-start=\"1043\" data-end=\"1070\"><strong data-start=\"1043\" data-end=\"1064\">Air Conditioning:<\/strong> Yes<\/p><\/li><li data-section-id=\"asemsz\" data-start=\"1071\" data-end=\"1097\"><p data-start=\"1073\" data-end=\"1097\"><strong data-start=\"1073\" data-end=\"1085\">Mileage:<\/strong> Unlimited<\/p><\/li><\/ul><p data-start=\"1099\" data-end=\"1247\">The <strong data-start=\"1103\" data-end=\"1143\">Dacia Sandero Stepway Automatic 2021<\/strong> is ideal for travelers looking for a <strong data-start=\"1181\" data-end=\"1246\">spacious and fuel-efficient automatic car rental in Marrakech<\/strong>.<\/p>\t\t\t\t\t\t\t\t<\/div>\n\t\t\t\t<div class=\"elementor-element elementor-element-266ba47 elementor-widget elementor-widget-heading\" data-id=\"266ba47\" data-element_type=\"widget\" data-e-type=\"widget\" data-widget_type=\"heading.default\">\n\t\t\t\t\t<h2 class=\"elementor-heading-title elementor-size-default\">Why Rent the Dacia Sandero Stepway in Marrakech?<\/h2>\t\t\t\t<\/div>\n\t\t\t\t<div class=\"elementor-element elementor-element-8bc8019 elementor-widget elementor-widget-text-editor\" data-id=\"8bc8019\" data-element_type=\"widget\" data-e-type=\"widget\" data-widget_type=\"text-editor.default\">\n\t\t\t\t\t\t\t\t\t<p data-start=\"1306\" data-end=\"1372\">The <strong data-start=\"1310\" data-end=\"1329\">Sandero Stepway<\/strong> is a popular rental vehicle thanks to its:<\/p><ul data-start=\"1374\" data-end=\"1576\"><li data-section-id=\"9159d\" data-start=\"1374\" data-end=\"1409\"><p data-start=\"1376\" data-end=\"1409\">Smooth <strong data-start=\"1383\" data-end=\"1409\">automatic transmission<\/strong><\/p><\/li><li data-section-id=\"1b8y7pa\" data-start=\"1410\" data-end=\"1456\"><p data-start=\"1412\" data-end=\"1456\">Elevated ride height for better road comfort<\/p><\/li><li data-section-id=\"fq6go\" data-start=\"1457\" data-end=\"1492\"><p data-start=\"1459\" data-end=\"1492\">Excellent <strong data-start=\"1469\" data-end=\"1492\">diesel fuel economy<\/strong><\/p><\/li><li data-section-id=\"1ubkpuh\" data-start=\"1493\" data-end=\"1528\"><p data-start=\"1495\" data-end=\"1528\">Spacious interior and large trunk<\/p><\/li><li data-section-id=\"1gj41fz\" data-start=\"1529\" data-end=\"1576\"><p data-start=\"1531\" data-end=\"1576\">Reliable performance for long-distance travel<\/p><\/li><\/ul><p data-start=\"1578\" data-end=\"1661\">It\u2019s perfect for <strong data-start=\"1595\" data-end=\"1660\">tourists, families, and business travelers visiting Marrakech<\/strong>.<\/p>\t\t\t\t\t\t\t\t<\/div>\n\t\t\t\t<div class=\"elementor-element elementor-element-30edca2 elementor-widget elementor-widget-heading\" data-id=\"30edca2\" data-element_type=\"widget\" data-e-type=\"widget\" data-widget_type=\"heading.default\">\n\t\t\t\t\t<h2 class=\"elementor-heading-title elementor-size-default\">Refueling Policy<\/h2>\t\t\t\t<\/div>\n\t\t\t\t<div class=\"elementor-element elementor-element-9e1d0fb elementor-widget elementor-widget-text-editor\" data-id=\"9e1d0fb\" data-element_type=\"widget\" data-e-type=\"widget\" data-widget_type=\"text-editor.default\">\n\t\t\t\t\t\t\t\t\t<p>The vehicle must be returned with the <strong data-start=\"1726\" data-end=\"1770\">same fuel level as when it was picked up<\/strong>. If returned with less fuel, a refueling service fee may apply according to our rental policy.<\/p>\t\t\t\t\t\t\t\t<\/div>\n\t\t\t\t<div class=\"elementor-element elementor-element-ea6ef20 elementor-widget elementor-widget-heading\" data-id=\"ea6ef20\" data-element_type=\"widget\" data-e-type=\"widget\" data-widget_type=\"heading.default\">\n\t\t\t\t\t<h2 class=\"elementor-heading-title elementor-size-default\">Insurance &amp; Theft Protection<\/h2>\t\t\t\t<\/div>\n\t\t\t\t<div class=\"elementor-element elementor-element-97eb20d elementor-widget elementor-widget-text-editor\" data-id=\"97eb20d\" data-element_type=\"widget\" data-e-type=\"widget\" data-widget_type=\"text-editor.default\">\n\t\t\t\t\t\t\t\t\t<p data-start=\"1904\" data-end=\"2070\">All rentals include <strong data-start=\"1924\" data-end=\"1964\">basic insurance and theft protection<\/strong>. In case of theft or damage, the renter must notify the rental company and local authorities immediately.<\/p>\t\t\t\t\t\t\t\t<\/div>\n\t\t\t\t<div class=\"elementor-element elementor-element-8be1a1c elementor-widget elementor-widget-heading\" data-id=\"8be1a1c\" data-element_type=\"widget\" data-e-type=\"widget\" data-widget_type=\"heading.default\">\n\t\t\t\t\t<h2 class=\"elementor-heading-title elementor-size-default\">Annulation gratuite<\/h2>\t\t\t\t<\/div>\n\t\t\t\t<div class=\"elementor-element elementor-element-227b046 elementor-widget elementor-widget-text-editor\" data-id=\"227b046\" data-element_type=\"widget\" data-e-type=\"widget\" data-widget_type=\"text-editor.default\">\n\t\t\t\t\t\t\t\t\t<p data-start=\"2098\" data-end=\"2230\">Enjoy <strong data-start=\"2104\" data-end=\"2142\">free cancellation on most bookings<\/strong> before the scheduled pickup date. Please review the rental conditions for full details.<\/p>\t\t\t\t\t\t\t\t<\/div>\n\t\t\t\t\t<\/div>\n\t\t<\/div>\n\t\t\t\t\t<\/div>\n\t\t<\/section>\n\t\t\t\t<\/div>","protected":false},"excerpt":{"rendered":"<p>Dacia Sandero Stepway Automatique 2021 \u2013 Diesel\nCrossover spacieux, \u00e9conomique et adapt\u00e9 \u00e0 tous vos d\u00e9placements \u00e0 Marrakech.<\/p>","protected":false},"featured_media":1502,"comment_status":"open","ping_status":"closed","template":"","meta":[],"etheme_brands":[{"term_id":39,"name":"Dacia","slug":"dacia","term_group":0,"term_taxonomy_id":39,"taxonomy":"brand","description":"","parent":0,"count":3,"filter":"raw"}],"product_brand":[],"product_cat":[44],"product_tag":[],"class_list":{"0":"post-1019","1":"product","2":"type-product","3":"status-publish","4":"has-post-thumbnail","6":"brand-dacia","7":"product_cat-family-cars","9":"first","10":"instock","11":"sold-individually","12":"shipping-taxable","13":"purchasable","14":"product-type-simple"},"_links":{"self":[{"href":"https:\/\/ouziadrentacar.com\/fr\/wp-json\/wp\/v2\/product\/1019","targetHints":{"allow":["GET"]}}],"collection":[{"href":"https:\/\/ouziadrentacar.com\/fr\/wp-json\/wp\/v2\/product"}],"about":[{"href":"https:\/\/ouziadrentacar.com\/fr\/wp-json\/wp\/v2\/types\/product"}],"replies":[{"embeddable":true,"href":"https:\/\/ouziadrentacar.com\/fr\/wp-json\/wp\/v2\/comments?post=1019"}],"version-history":[{"count":11,"href":"https:\/\/ouziadrentacar.com\/fr\/wp-json\/wp\/v2\/product\/1019\/revisions"}],"predecessor-version":[{"id":1531,"href":"https:\/\/ouziadrentacar.com\/fr\/wp-json\/wp\/v2\/product\/1019\/revisions\/1531"}],"wp:featuredmedia":[{"embeddable":true,"href":"https:\/\/ouziadrentacar.com\/fr\/wp-json\/wp\/v2\/media\/1502"}],"wp:attachment":[{"href":"https:\/\/ouziadrentacar.com\/fr\/wp-json\/wp\/v2\/media?parent=1019"}],"wp:term":[{"taxonomy":"brand","embeddable":true,"href":"https:\/\/ouziadrentacar.com\/fr\/wp-json\/wp\/v2\/etheme_brands?post=1019"},{"taxonomy":"product_brand","embeddable":true,"href":"https:\/\/ouziadrentacar.com\/fr\/wp-json\/wp\/v2\/product_brand?post=1019"},{"taxonomy":"product_cat","embeddable":true,"href":"https:\/\/ouziadrentacar.com\/fr\/wp-json\/wp\/v2\/product_cat?post=1019"},{"taxonomy":"product_tag","embeddable":true,"href":"https:\/\/ouziadrentacar.com\/fr\/wp-json\/wp\/v2\/product_tag?post=1019"}],"curies":[{"name":"wp","href":"https:\/\/api.w.org\/{rel}","templated":true}]}}