{"id":1020,"date":"2022-07-11T06:49:17","date_gmt":"2022-07-11T06:49:17","guid":{"rendered":"https:\/\/xstore.8theme.com\/elementor\/demos\/rental-car\/?post_type=product&#038;p=1020"},"modified":"2026-03-24T15:47:38","modified_gmt":"2026-03-24T15:47:38","slug":"seat-ibiza-2021-manual-diesel-car-rental-in-marrakech","status":"publish","type":"product","link":"https:\/\/ouziadrentacar.com\/fr\/produit\/seat-ibiza-2021-manual-diesel-car-rental-in-marrakech\/","title":{"rendered":"Seat Ibiza Manuelle 2021 Diesel \u2013 Location voiture Marrakech"},"content":{"rendered":"<div data-elementor-type=\"wp-post\" data-elementor-id=\"1020\" class=\"elementor elementor-1020\">\n\t\t\t\t\t\t<section class=\"elementor-section elementor-top-section elementor-element elementor-element-19a68c0 elementor-section-boxed elementor-section-height-default elementor-section-height-default\" data-id=\"19a68c0\" data-element_type=\"section\" data-e-type=\"section\">\n\t\t\t\t\t\t<div class=\"elementor-container elementor-column-gap-custom\">\n\t\t\t\t\t<div class=\"elementor-column elementor-col-25 elementor-top-column elementor-element elementor-element-e14157f\" data-id=\"e14157f\" data-element_type=\"column\" data-e-type=\"column\">\n\t\t\t<div class=\"elementor-widget-wrap elementor-element-populated\">\n\t\t\t\t\t\t<div class=\"elementor-element elementor-element-61c01ec elementor-align-left elementor-widget elementor-widget-etheme_icon_box\" data-id=\"61c01ec\" data-element_type=\"widget\" data-e-type=\"widget\" data-settings=\"{&quot;icon_type&quot;:&quot;image&quot;}\" data-widget_type=\"etheme_icon_box.default\">\n\t\t\t\t<div class=\"elementor-widget-container\">\n\t\t\t\t\t\t\t\t<div class=\"etheme-icon-box etheme-icon-box-icon-position-left\">\n        \n                            \n                <div class=\"etheme-icon-box-icon etheme-icon-box-icon-type-image\">\n        \n                <img loading=\"lazy\" decoding=\"async\" width=\"31\" height=\"31\" src=\"https:\/\/ouziadrentacar.com\/wp-content\/uploads\/xstore\/xstore-placeholder-1x1.png\" class=\"attachment-full size-full wp-image-944 lazyload lazyload-simple et-lazyload-fadeIn\" alt=\"\" data-src=\"https:\/\/ouziadrentacar.com\/wp-content\/uploads\/2022\/07\/Icon-min-1.jpeg\" \/>        \n                <\/div>\n            \n                <div class=\"etheme-icon-box-content\">\n\t\t\n                                        \n                                            <h3 class=\"etheme-icon-box-title\">\n                            <span>4 - 5 Passengers<\/span>\n                        <\/h3>\n                    \t\t\n                    \n                            \n                <\/div>\n\t\t\t<\/div>\n\t\t\t\t\t\t<\/div>\n\t\t\t\t<\/div>\n\t\t\t\t\t<\/div>\n\t\t<\/div>\n\t\t\t\t<div class=\"elementor-column elementor-col-25 elementor-top-column elementor-element elementor-element-ca817a6\" data-id=\"ca817a6\" data-element_type=\"column\" data-e-type=\"column\">\n\t\t\t<div class=\"elementor-widget-wrap elementor-element-populated\">\n\t\t\t\t\t\t<div class=\"elementor-element elementor-element-3b309ea elementor-align-left elementor-widget elementor-widget-etheme_icon_box\" data-id=\"3b309ea\" data-element_type=\"widget\" data-e-type=\"widget\" data-settings=\"{&quot;icon_type&quot;:&quot;image&quot;}\" data-widget_type=\"etheme_icon_box.default\">\n\t\t\t\t<div class=\"elementor-widget-container\">\n\t\t\t\t\t\t\t\t<div class=\"etheme-icon-box etheme-icon-box-icon-position-left\">\n        \n                            \n                <div class=\"etheme-icon-box-icon etheme-icon-box-icon-type-image\">\n        \n                <img loading=\"lazy\" decoding=\"async\" width=\"31\" height=\"31\" src=\"https:\/\/ouziadrentacar.com\/wp-content\/uploads\/xstore\/xstore-placeholder-1x1.png\" class=\"attachment-full size-full wp-image-945 lazyload lazyload-simple et-lazyload-fadeIn\" alt=\"\" data-src=\"https:\/\/ouziadrentacar.com\/wp-content\/uploads\/2022\/07\/Icon2-min-1.jpeg\" \/>        \n                <\/div>\n            \n                <div class=\"etheme-icon-box-content\">\n\t\t\n                                        \n                                            <h3 class=\"etheme-icon-box-title\">\n                            <span>Manual Gear<\/span>\n                        <\/h3>\n                    \t\t\n                    \n                            \n                <\/div>\n\t\t\t<\/div>\n\t\t\t\t\t\t<\/div>\n\t\t\t\t<\/div>\n\t\t\t\t\t<\/div>\n\t\t<\/div>\n\t\t\t\t<div class=\"elementor-column elementor-col-25 elementor-top-column elementor-element elementor-element-d8ee55e\" data-id=\"d8ee55e\" data-element_type=\"column\" data-e-type=\"column\">\n\t\t\t<div class=\"elementor-widget-wrap elementor-element-populated\">\n\t\t\t\t\t\t<div class=\"elementor-element elementor-element-41318d0 elementor-align-left elementor-widget elementor-widget-etheme_icon_box\" data-id=\"41318d0\" data-element_type=\"widget\" data-e-type=\"widget\" data-settings=\"{&quot;icon_type&quot;:&quot;image&quot;}\" data-widget_type=\"etheme_icon_box.default\">\n\t\t\t\t<div class=\"elementor-widget-container\">\n\t\t\t\t\t\t\t\t<div class=\"etheme-icon-box etheme-icon-box-icon-position-left\">\n        \n                            \n                <div class=\"etheme-icon-box-icon etheme-icon-box-icon-type-image\">\n        \n                <img loading=\"lazy\" decoding=\"async\" width=\"33\" height=\"30\" src=\"https:\/\/ouziadrentacar.com\/wp-content\/uploads\/xstore\/xstore-placeholder.png\" class=\"attachment-full size-full wp-image-946 lazyload lazyload-simple et-lazyload-fadeIn\" alt=\"\" data-src=\"https:\/\/ouziadrentacar.com\/wp-content\/uploads\/2022\/07\/Icon3-min-1.jpeg\" \/>        \n                <\/div>\n            \n                <div class=\"etheme-icon-box-content\">\n\t\t\n                                        \n                                            <h3 class=\"etheme-icon-box-title\">\n                            <span>6 Luggages<\/span>\n                        <\/h3>\n                    \t\t\n                    \n                            \n                <\/div>\n\t\t\t<\/div>\n\t\t\t\t\t\t<\/div>\n\t\t\t\t<\/div>\n\t\t\t\t\t<\/div>\n\t\t<\/div>\n\t\t\t\t<div class=\"elementor-column elementor-col-25 elementor-top-column elementor-element elementor-element-539afc8\" data-id=\"539afc8\" data-element_type=\"column\" data-e-type=\"column\">\n\t\t\t<div class=\"elementor-widget-wrap elementor-element-populated\">\n\t\t\t\t\t\t<div class=\"elementor-element elementor-element-79e9a95 elementor-align-left elementor-widget elementor-widget-etheme_icon_box\" data-id=\"79e9a95\" data-element_type=\"widget\" data-e-type=\"widget\" data-settings=\"{&quot;icon_type&quot;:&quot;image&quot;}\" data-widget_type=\"etheme_icon_box.default\">\n\t\t\t\t<div class=\"elementor-widget-container\">\n\t\t\t\t\t\t\t\t<div class=\"etheme-icon-box etheme-icon-box-icon-position-left\">\n        \n                            \n                <div class=\"etheme-icon-box-icon etheme-icon-box-icon-type-image\">\n        \n                <img loading=\"lazy\" decoding=\"async\" width=\"39\" height=\"30\" src=\"https:\/\/ouziadrentacar.com\/wp-content\/uploads\/xstore\/xstore-placeholder.png\" class=\"attachment-full size-full wp-image-947 lazyload lazyload-simple et-lazyload-fadeIn\" alt=\"\" data-src=\"https:\/\/ouziadrentacar.com\/wp-content\/uploads\/2022\/07\/Icon4-min-1.jpeg\" \/>        \n                <\/div>\n            \n                <div class=\"etheme-icon-box-content\">\n\t\t\n                                        \n                                            <h3 class=\"etheme-icon-box-title\">\n                            <span>3 \u2013 4 Doors<\/span>\n                        <\/h3>\n                    \t\t\n                    \n                            \n                <\/div>\n\t\t\t<\/div>\n\t\t\t\t\t\t<\/div>\n\t\t\t\t<\/div>\n\t\t\t\t\t<\/div>\n\t\t<\/div>\n\t\t\t\t\t<\/div>\n\t\t<\/section>\n\t\t\t\t<section class=\"elementor-section elementor-top-section elementor-element elementor-element-92be868 elementor-section-boxed elementor-section-height-default elementor-section-height-default\" data-id=\"92be868\" data-element_type=\"section\" data-e-type=\"section\">\n\t\t\t\t\t\t<div class=\"elementor-container elementor-column-gap-no\">\n\t\t\t\t\t<div class=\"elementor-column elementor-col-100 elementor-top-column elementor-element elementor-element-8903dad\" data-id=\"8903dad\" data-element_type=\"column\" data-e-type=\"column\">\n\t\t\t<div class=\"elementor-widget-wrap elementor-element-populated\">\n\t\t\t\t\t\t<div class=\"elementor-element elementor-element-ccebb06 elementor-widget elementor-widget-heading\" data-id=\"ccebb06\" data-element_type=\"widget\" data-e-type=\"widget\" data-widget_type=\"heading.default\">\n\t\t\t\t\t<h2 class=\"elementor-heading-title elementor-size-default\">Seat Ibiza 2021 Manual Diesel Car Rental in Marrakech<\/h2>\t\t\t\t<\/div>\n\t\t\t\t<div class=\"elementor-element elementor-element-76eb563 elementor-widget elementor-widget-text-editor\" data-id=\"76eb563\" data-element_type=\"widget\" data-e-type=\"widget\" data-widget_type=\"text-editor.default\">\n\t\t\t\t\t\t\t\t\t<p data-start=\"165\" data-end=\"368\">Looking for a <strong data-start=\"179\" data-end=\"230\">reliable and affordable car rental in Marrakech<\/strong>? The <strong data-start=\"236\" data-end=\"269\">Seat Ibiza Manuelle 2021 Diesel \u2013 Location voiture Marrakech<\/strong> is a stylish and fuel-efficient hatchback, perfect for city driving and long trips across Morocco.<\/p><p data-start=\"370\" data-end=\"631\">With its <strong data-start=\"379\" data-end=\"448\">manual transmission, economical diesel engine, and compact design<\/strong>, the Seat Ibiza offers a comfortable and smooth driving experience. It is an excellent choice for travelers looking for a <strong data-start=\"571\" data-end=\"630\">cheap car rental in Marrakech with low fuel consumption<\/strong>.<\/p><p data-start=\"633\" data-end=\"772\">Rent the <strong data-start=\"642\" data-end=\"688\">Seat Ibiza 2021 Manual Diesel in Marrakech<\/strong> and enjoy flexibility and comfort while exploring the city and nearby destinations.<\/p>\t\t\t\t\t\t\t\t<\/div>\n\t\t\t\t<div class=\"elementor-element elementor-element-dc0e4bd elementor-widget elementor-widget-heading\" data-id=\"dc0e4bd\" data-element_type=\"widget\" data-e-type=\"widget\" data-widget_type=\"heading.default\">\n\t\t\t\t\t<h2 class=\"elementor-heading-title elementor-size-default\">Vehicle Specifications<\/h2>\t\t\t\t<\/div>\n\t\t\t\t<div class=\"elementor-element elementor-element-a271f41 elementor-widget elementor-widget-text-editor\" data-id=\"a271f41\" data-element_type=\"widget\" data-e-type=\"widget\" data-widget_type=\"text-editor.default\">\n\t\t\t\t\t\t\t\t\t<ul data-start=\"805\" data-end=\"997\"><li data-section-id=\"186ieke\" data-start=\"805\" data-end=\"826\"><p data-start=\"807\" data-end=\"826\"><strong data-start=\"807\" data-end=\"822\">Passengers:<\/strong> 5<\/p><\/li><li data-section-id=\"xtj45r\" data-start=\"827\" data-end=\"860\"><p data-start=\"829\" data-end=\"860\"><strong data-start=\"829\" data-end=\"846\">Transmission:<\/strong> Manual Gear<\/p><\/li><li data-section-id=\"rvpema\" data-start=\"861\" data-end=\"877\"><p data-start=\"863\" data-end=\"877\"><strong data-start=\"863\" data-end=\"873\">Doors:<\/strong> 5<\/p><\/li><li data-section-id=\"6gvqov\" data-start=\"878\" data-end=\"914\"><p data-start=\"880\" data-end=\"914\"><strong data-start=\"880\" data-end=\"901\">Luggage Capacity:<\/strong> 3 \u2013 4 bags<\/p><\/li><li data-section-id=\"1xvo5xe\" data-start=\"915\" data-end=\"940\"><p data-start=\"917\" data-end=\"940\"><strong data-start=\"917\" data-end=\"931\">Fuel Type:<\/strong> Diesel<\/p><\/li><li data-section-id=\"1xzjapg\" data-start=\"941\" data-end=\"970\"><p data-start=\"943\" data-end=\"970\"><strong data-start=\"943\" data-end=\"964\">Air Conditioning:<\/strong> Yes<\/p><\/li><li data-section-id=\"asemsz\" data-start=\"971\" data-end=\"997\"><p data-start=\"973\" data-end=\"997\"><strong data-start=\"973\" data-end=\"985\">Mileage:<\/strong> Unlimited<\/p><\/li><\/ul><p data-start=\"999\" data-end=\"1131\">The <strong data-start=\"1003\" data-end=\"1036\">Seat Ibiza Manual Diesel 2021<\/strong> is ideal for travelers looking for a <strong data-start=\"1074\" data-end=\"1130\">fuel-efficient and practical car rental in Marrakech<\/strong>.<\/p>\t\t\t\t\t\t\t\t<\/div>\n\t\t\t\t<div class=\"elementor-element elementor-element-89f2f7a elementor-widget elementor-widget-heading\" data-id=\"89f2f7a\" data-element_type=\"widget\" data-e-type=\"widget\" data-widget_type=\"heading.default\">\n\t\t\t\t\t<h2 class=\"elementor-heading-title elementor-size-default\">Why Rent the Seat Ibiza in Marrakech?<\/h2>\t\t\t\t<\/div>\n\t\t\t\t<div class=\"elementor-element elementor-element-5486e52 elementor-widget elementor-widget-text-editor\" data-id=\"5486e52\" data-element_type=\"widget\" data-e-type=\"widget\" data-widget_type=\"text-editor.default\">\n\t\t\t\t\t\t\t\t\t<p data-start=\"1179\" data-end=\"1236\">The <strong data-start=\"1183\" data-end=\"1197\">Seat Ibiza<\/strong> is a popular rental car thanks to its:<\/p><ul data-start=\"1238\" data-end=\"1426\"><li data-section-id=\"1dk95iw\" data-start=\"1238\" data-end=\"1275\"><p data-start=\"1240\" data-end=\"1275\">Excellent <strong data-start=\"1250\" data-end=\"1273\">diesel fuel economy<\/strong><\/p><\/li><li data-section-id=\"1rqdxco\" data-start=\"1276\" data-end=\"1322\"><p data-start=\"1278\" data-end=\"1322\">Compact size for easy parking in Marrakech<\/p><\/li><li data-section-id=\"1r5ig8\" data-start=\"1323\" data-end=\"1358\"><p data-start=\"1325\" data-end=\"1358\">Comfortable and modern interior<\/p><\/li><li data-section-id=\"1qqthkl\" data-start=\"1359\" data-end=\"1398\"><p data-start=\"1361\" data-end=\"1398\">Reliable performance for long trips<\/p><\/li><li data-section-id=\"1lh4wfr\" data-start=\"1399\" data-end=\"1426\"><p data-start=\"1401\" data-end=\"1426\">Affordable rental price<\/p><\/li><\/ul><p data-start=\"1428\" data-end=\"1507\">It is perfect for <strong data-start=\"1446\" data-end=\"1506\">tourists, couples, and small families visiting Marrakech<\/strong>.<\/p>\t\t\t\t\t\t\t\t<\/div>\n\t\t\t\t<div class=\"elementor-element elementor-element-89a9248 elementor-widget elementor-widget-heading\" data-id=\"89a9248\" data-element_type=\"widget\" data-e-type=\"widget\" data-widget_type=\"heading.default\">\n\t\t\t\t\t<h2 class=\"elementor-heading-title elementor-size-default\">Refueling Policy<\/h2>\t\t\t\t<\/div>\n\t\t\t\t<div class=\"elementor-element elementor-element-c109285 elementor-widget elementor-widget-text-editor\" data-id=\"c109285\" data-element_type=\"widget\" data-e-type=\"widget\" data-widget_type=\"text-editor.default\">\n\t\t\t\t\t\t\t\t\t<p data-start=\"1534\" data-end=\"1711\">The vehicle must be returned with the <strong data-start=\"1572\" data-end=\"1616\">same fuel level as when it was picked up<\/strong>. If returned with less fuel, a refueling service fee may apply according to our rental policy.<\/p>\t\t\t\t\t\t\t\t<\/div>\n\t\t\t\t<div class=\"elementor-element elementor-element-ea6ef20 elementor-widget elementor-widget-heading\" data-id=\"ea6ef20\" data-element_type=\"widget\" data-e-type=\"widget\" data-widget_type=\"heading.default\">\n\t\t\t\t\t<h2 class=\"elementor-heading-title elementor-size-default\">Insurance &amp; Theft Protection<\/h2>\t\t\t\t<\/div>\n\t\t\t\t<div class=\"elementor-element elementor-element-97eb20d elementor-widget elementor-widget-text-editor\" data-id=\"97eb20d\" data-element_type=\"widget\" data-e-type=\"widget\" data-widget_type=\"text-editor.default\">\n\t\t\t\t\t\t\t\t\t<p data-start=\"1750\" data-end=\"1916\">All rentals include <strong data-start=\"1770\" data-end=\"1810\">basic insurance and theft protection<\/strong>. In case of theft or damage, the renter must notify the rental company and local authorities immediately.<\/p>\t\t\t\t\t\t\t\t<\/div>\n\t\t\t\t<div class=\"elementor-element elementor-element-8be1a1c elementor-widget elementor-widget-heading\" data-id=\"8be1a1c\" data-element_type=\"widget\" data-e-type=\"widget\" data-widget_type=\"heading.default\">\n\t\t\t\t\t<h2 class=\"elementor-heading-title elementor-size-default\">Annulation gratuite<\/h2>\t\t\t\t<\/div>\n\t\t\t\t<div class=\"elementor-element elementor-element-227b046 elementor-widget elementor-widget-text-editor\" data-id=\"227b046\" data-element_type=\"widget\" data-e-type=\"widget\" data-widget_type=\"text-editor.default\">\n\t\t\t\t\t\t\t\t\t<p>Enjoy <strong data-start=\"1950\" data-end=\"1988\">free cancellation on most bookings<\/strong> before the scheduled pickup date. Please check the rental conditions for details.<\/p>\t\t\t\t\t\t\t\t<\/div>\n\t\t\t\t\t<\/div>\n\t\t<\/div>\n\t\t\t\t\t<\/div>\n\t\t<\/section>\n\t\t\t\t<\/div>","protected":false},"excerpt":{"rendered":"<p>Seat Ibiza Manuelle 2021 \u2013 Diesel\nVoiture sportive, \u00e9conomique et confortable, parfaite pour vos d\u00e9placements \u00e0 Marrakech.<\/p>","protected":false},"featured_media":1493,"comment_status":"open","ping_status":"closed","template":"","meta":[],"etheme_brands":[{"term_id":42,"name":"Seat","slug":"seat","term_group":0,"term_taxonomy_id":42,"taxonomy":"brand","description":"","parent":0,"count":1,"filter":"raw"}],"product_brand":[],"product_cat":[15],"product_tag":[],"class_list":{"0":"post-1020","1":"product","2":"type-product","3":"status-publish","4":"has-post-thumbnail","6":"brand-seat","7":"product_cat-uncategorized","9":"first","10":"instock","11":"sold-individually","12":"shipping-taxable","13":"purchasable","14":"product-type-simple"},"_links":{"self":[{"href":"https:\/\/ouziadrentacar.com\/fr\/wp-json\/wp\/v2\/product\/1020","targetHints":{"allow":["GET"]}}],"collection":[{"href":"https:\/\/ouziadrentacar.com\/fr\/wp-json\/wp\/v2\/product"}],"about":[{"href":"https:\/\/ouziadrentacar.com\/fr\/wp-json\/wp\/v2\/types\/product"}],"replies":[{"embeddable":true,"href":"https:\/\/ouziadrentacar.com\/fr\/wp-json\/wp\/v2\/comments?post=1020"}],"version-history":[{"count":7,"href":"https:\/\/ouziadrentacar.com\/fr\/wp-json\/wp\/v2\/product\/1020\/revisions"}],"predecessor-version":[{"id":1534,"href":"https:\/\/ouziadrentacar.com\/fr\/wp-json\/wp\/v2\/product\/1020\/revisions\/1534"}],"wp:featuredmedia":[{"embeddable":true,"href":"https:\/\/ouziadrentacar.com\/fr\/wp-json\/wp\/v2\/media\/1493"}],"wp:attachment":[{"href":"https:\/\/ouziadrentacar.com\/fr\/wp-json\/wp\/v2\/media?parent=1020"}],"wp:term":[{"taxonomy":"brand","embeddable":true,"href":"https:\/\/ouziadrentacar.com\/fr\/wp-json\/wp\/v2\/etheme_brands?post=1020"},{"taxonomy":"product_brand","embeddable":true,"href":"https:\/\/ouziadrentacar.com\/fr\/wp-json\/wp\/v2\/product_brand?post=1020"},{"taxonomy":"product_cat","embeddable":true,"href":"https:\/\/ouziadrentacar.com\/fr\/wp-json\/wp\/v2\/product_cat?post=1020"},{"taxonomy":"product_tag","embeddable":true,"href":"https:\/\/ouziadrentacar.com\/fr\/wp-json\/wp\/v2\/product_tag?post=1020"}],"curies":[{"name":"wp","href":"https:\/\/api.w.org\/{rel}","templated":true}]}}