{"id":1024,"date":"2022-07-11T06:49:21","date_gmt":"2022-07-11T06:49:21","guid":{"rendered":"https:\/\/xstore.8theme.com\/elementor\/demos\/rental-car\/?post_type=product&#038;p=1024"},"modified":"2026-03-24T15:52:02","modified_gmt":"2026-03-24T15:52:02","slug":"dacia-logan-2025-manual-diesel-car-rental-in-marrakech-2","status":"publish","type":"product","link":"https:\/\/ouziadrentacar.com\/fr\/produit\/dacia-logan-2025-manual-diesel-car-rental-in-marrakech-2\/","title":{"rendered":"Dacia Logan Manuelle 2025 Diesel \u2013 Location voiture Marrakech"},"content":{"rendered":"<div data-elementor-type=\"wp-post\" data-elementor-id=\"1024\" class=\"elementor elementor-1024\">\n\t\t\t\t\t\t<section class=\"elementor-section elementor-top-section elementor-element elementor-element-19a68c0 elementor-section-boxed elementor-section-height-default elementor-section-height-default\" data-id=\"19a68c0\" data-element_type=\"section\" data-e-type=\"section\">\n\t\t\t\t\t\t<div class=\"elementor-container elementor-column-gap-custom\">\n\t\t\t\t\t<div class=\"elementor-column elementor-col-25 elementor-top-column elementor-element elementor-element-e14157f\" data-id=\"e14157f\" data-element_type=\"column\" data-e-type=\"column\">\n\t\t\t<div class=\"elementor-widget-wrap elementor-element-populated\">\n\t\t\t\t\t\t<div class=\"elementor-element elementor-element-61c01ec elementor-align-left elementor-widget elementor-widget-etheme_icon_box\" data-id=\"61c01ec\" data-element_type=\"widget\" data-e-type=\"widget\" data-settings=\"{&quot;icon_type&quot;:&quot;image&quot;}\" data-widget_type=\"etheme_icon_box.default\">\n\t\t\t\t<div class=\"elementor-widget-container\">\n\t\t\t\t\t\t\t\t<div class=\"etheme-icon-box etheme-icon-box-icon-position-left\">\n        \n                            \n                <div class=\"etheme-icon-box-icon etheme-icon-box-icon-type-image\">\n        \n                <img loading=\"lazy\" decoding=\"async\" width=\"31\" height=\"31\" src=\"https:\/\/ouziadrentacar.com\/wp-content\/uploads\/xstore\/xstore-placeholder-1x1.png\" class=\"attachment-full size-full wp-image-944 lazyload lazyload-simple et-lazyload-fadeIn\" alt=\"\" data-src=\"https:\/\/ouziadrentacar.com\/wp-content\/uploads\/2022\/07\/Icon-min-1.jpeg\" \/>        \n                <\/div>\n            \n                <div class=\"etheme-icon-box-content\">\n\t\t\n                                        \n                                            <h3 class=\"etheme-icon-box-title\">\n                            <span>5-6 Passengers<\/span>\n                        <\/h3>\n                    \t\t\n                    \n                            \n                <\/div>\n\t\t\t<\/div>\n\t\t\t\t\t\t<\/div>\n\t\t\t\t<\/div>\n\t\t\t\t\t<\/div>\n\t\t<\/div>\n\t\t\t\t<div class=\"elementor-column elementor-col-25 elementor-top-column elementor-element elementor-element-ca817a6\" data-id=\"ca817a6\" data-element_type=\"column\" data-e-type=\"column\">\n\t\t\t<div class=\"elementor-widget-wrap elementor-element-populated\">\n\t\t\t\t\t\t<div class=\"elementor-element elementor-element-3b309ea elementor-align-left elementor-widget elementor-widget-etheme_icon_box\" data-id=\"3b309ea\" data-element_type=\"widget\" data-e-type=\"widget\" data-settings=\"{&quot;icon_type&quot;:&quot;image&quot;}\" data-widget_type=\"etheme_icon_box.default\">\n\t\t\t\t<div class=\"elementor-widget-container\">\n\t\t\t\t\t\t\t\t<div class=\"etheme-icon-box etheme-icon-box-icon-position-left\">\n        \n                            \n                <div class=\"etheme-icon-box-icon etheme-icon-box-icon-type-image\">\n        \n                <img loading=\"lazy\" decoding=\"async\" width=\"31\" height=\"31\" src=\"https:\/\/ouziadrentacar.com\/wp-content\/uploads\/xstore\/xstore-placeholder-1x1.png\" class=\"attachment-full size-full wp-image-945 lazyload lazyload-simple et-lazyload-fadeIn\" alt=\"\" data-src=\"https:\/\/ouziadrentacar.com\/wp-content\/uploads\/2022\/07\/Icon2-min-1.jpeg\" \/>        \n                <\/div>\n            \n                <div class=\"etheme-icon-box-content\">\n\t\t\n                                        \n                                            <h3 class=\"etheme-icon-box-title\">\n                            <span>Manual Gear<\/span>\n                        <\/h3>\n                    \t\t\n                    \n                            \n                <\/div>\n\t\t\t<\/div>\n\t\t\t\t\t\t<\/div>\n\t\t\t\t<\/div>\n\t\t\t\t\t<\/div>\n\t\t<\/div>\n\t\t\t\t<div class=\"elementor-column elementor-col-25 elementor-top-column elementor-element elementor-element-d8ee55e\" data-id=\"d8ee55e\" data-element_type=\"column\" data-e-type=\"column\">\n\t\t\t<div class=\"elementor-widget-wrap elementor-element-populated\">\n\t\t\t\t\t\t<div class=\"elementor-element elementor-element-41318d0 elementor-align-left elementor-widget elementor-widget-etheme_icon_box\" data-id=\"41318d0\" data-element_type=\"widget\" data-e-type=\"widget\" data-settings=\"{&quot;icon_type&quot;:&quot;image&quot;}\" data-widget_type=\"etheme_icon_box.default\">\n\t\t\t\t<div class=\"elementor-widget-container\">\n\t\t\t\t\t\t\t\t<div class=\"etheme-icon-box etheme-icon-box-icon-position-left\">\n        \n                            \n                <div class=\"etheme-icon-box-icon etheme-icon-box-icon-type-image\">\n        \n                <img loading=\"lazy\" decoding=\"async\" width=\"33\" height=\"30\" src=\"https:\/\/ouziadrentacar.com\/wp-content\/uploads\/xstore\/xstore-placeholder.png\" class=\"attachment-full size-full wp-image-946 lazyload lazyload-simple et-lazyload-fadeIn\" alt=\"\" data-src=\"https:\/\/ouziadrentacar.com\/wp-content\/uploads\/2022\/07\/Icon3-min-1.jpeg\" \/>        \n                <\/div>\n            \n                <div class=\"etheme-icon-box-content\">\n\t\t\n                                        \n                                            <h3 class=\"etheme-icon-box-title\">\n                            <span>4-6 Luggages<\/span>\n                        <\/h3>\n                    \t\t\n                    \n                            \n                <\/div>\n\t\t\t<\/div>\n\t\t\t\t\t\t<\/div>\n\t\t\t\t<\/div>\n\t\t\t\t\t<\/div>\n\t\t<\/div>\n\t\t\t\t<div class=\"elementor-column elementor-col-25 elementor-top-column elementor-element elementor-element-539afc8\" data-id=\"539afc8\" data-element_type=\"column\" data-e-type=\"column\">\n\t\t\t<div class=\"elementor-widget-wrap elementor-element-populated\">\n\t\t\t\t\t\t<div class=\"elementor-element elementor-element-79e9a95 elementor-align-left elementor-widget elementor-widget-etheme_icon_box\" data-id=\"79e9a95\" data-element_type=\"widget\" data-e-type=\"widget\" data-settings=\"{&quot;icon_type&quot;:&quot;image&quot;}\" data-widget_type=\"etheme_icon_box.default\">\n\t\t\t\t<div class=\"elementor-widget-container\">\n\t\t\t\t\t\t\t\t<div class=\"etheme-icon-box etheme-icon-box-icon-position-left\">\n        \n                            \n                <div class=\"etheme-icon-box-icon etheme-icon-box-icon-type-image\">\n        \n                <img loading=\"lazy\" decoding=\"async\" width=\"39\" height=\"30\" src=\"https:\/\/ouziadrentacar.com\/wp-content\/uploads\/xstore\/xstore-placeholder.png\" class=\"attachment-full size-full wp-image-947 lazyload lazyload-simple et-lazyload-fadeIn\" alt=\"\" data-src=\"https:\/\/ouziadrentacar.com\/wp-content\/uploads\/2022\/07\/Icon4-min-1.jpeg\" \/>        \n                <\/div>\n            \n                <div class=\"etheme-icon-box-content\">\n\t\t\n                                        \n                                            <h3 class=\"etheme-icon-box-title\">\n                            <span>4 Doors<\/span>\n                        <\/h3>\n                    \t\t\n                    \n                            \n                <\/div>\n\t\t\t<\/div>\n\t\t\t\t\t\t<\/div>\n\t\t\t\t<\/div>\n\t\t\t\t\t<\/div>\n\t\t<\/div>\n\t\t\t\t\t<\/div>\n\t\t<\/section>\n\t\t\t\t<section class=\"elementor-section elementor-top-section elementor-element elementor-element-92be868 elementor-section-boxed elementor-section-height-default elementor-section-height-default\" data-id=\"92be868\" data-element_type=\"section\" data-e-type=\"section\">\n\t\t\t\t\t\t<div class=\"elementor-container elementor-column-gap-no\">\n\t\t\t\t\t<div class=\"elementor-column elementor-col-100 elementor-top-column elementor-element elementor-element-8903dad\" data-id=\"8903dad\" data-element_type=\"column\" data-e-type=\"column\">\n\t\t\t<div class=\"elementor-widget-wrap elementor-element-populated\">\n\t\t\t\t\t\t<div class=\"elementor-element elementor-element-ccebb06 elementor-widget elementor-widget-heading\" data-id=\"ccebb06\" data-element_type=\"widget\" data-e-type=\"widget\" data-widget_type=\"heading.default\">\n\t\t\t\t\t<h2 class=\"elementor-heading-title elementor-size-default\">Dacia Logan 2025 Manual Diesel Car Rental in Marrakech<\/h2>\t\t\t\t<\/div>\n\t\t\t\t<div class=\"elementor-element elementor-element-76eb563 elementor-widget elementor-widget-text-editor\" data-id=\"76eb563\" data-element_type=\"widget\" data-e-type=\"widget\" data-widget_type=\"text-editor.default\">\n\t\t\t\t\t\t\t\t\t<p data-start=\"185\" data-end=\"399\">Looking for a <strong data-start=\"199\" data-end=\"250\">reliable and affordable car rental in Marrakech<\/strong>? The <strong data-start=\"256\" data-end=\"298\">Dacia Logan 2025 Manual Diesel (Mazot)<\/strong> is a spacious and fuel-efficient sedan, perfect for both city driving and long trips across Morocco.<\/p><p data-start=\"401\" data-end=\"689\">With its <strong data-start=\"410\" data-end=\"462\">manual transmission and economical diesel engine<\/strong>, the Dacia Logan offers excellent fuel efficiency, comfortable interior space, and a smooth driving experience. It is one of the most popular choices for travelers looking for a <strong data-start=\"641\" data-end=\"688\">cheap and practical car rental in Marrakech<\/strong>.<\/p><p data-start=\"691\" data-end=\"813\">Rent the <strong data-start=\"700\" data-end=\"747\">Dacia Logan 2025 Manual Diesel in Marrakech<\/strong> and enjoy comfort, reliability, and flexibility during your stay.<\/p>\t\t\t\t\t\t\t\t<\/div>\n\t\t\t\t<div class=\"elementor-element elementor-element-dc0e4bd elementor-widget elementor-widget-heading\" data-id=\"dc0e4bd\" data-element_type=\"widget\" data-e-type=\"widget\" data-widget_type=\"heading.default\">\n\t\t\t\t\t<h2 class=\"elementor-heading-title elementor-size-default\">Vehicle Specifications<\/h2>\t\t\t\t<\/div>\n\t\t\t\t<div class=\"elementor-element elementor-element-5486e52 elementor-widget elementor-widget-text-editor\" data-id=\"5486e52\" data-element_type=\"widget\" data-e-type=\"widget\" data-widget_type=\"text-editor.default\">\n\t\t\t\t\t\t\t\t\t<ul data-start=\"846\" data-end=\"1046\"><li data-section-id=\"186ieke\" data-start=\"846\" data-end=\"867\"><p data-start=\"848\" data-end=\"867\"><strong data-start=\"848\" data-end=\"863\">Passengers:<\/strong> 5-6<\/p><\/li><li data-section-id=\"xtj45r\" data-start=\"868\" data-end=\"901\"><p data-start=\"870\" data-end=\"901\"><strong data-start=\"870\" data-end=\"887\">Transmission:<\/strong> Manual Gear<\/p><\/li><li data-section-id=\"rvpdtv\" data-start=\"902\" data-end=\"918\"><p data-start=\"904\" data-end=\"918\"><strong data-start=\"904\" data-end=\"914\">Doors:<\/strong> 4<\/p><\/li><li data-section-id=\"1s3l4yj\" data-start=\"919\" data-end=\"955\"><p data-start=\"921\" data-end=\"955\"><strong data-start=\"921\" data-end=\"942\">Luggage Capacity:<\/strong> 5 \u2013 6 bags<\/p><\/li><li data-section-id=\"1167fda\" data-start=\"956\" data-end=\"989\"><p data-start=\"958\" data-end=\"989\"><strong data-start=\"958\" data-end=\"972\">Fuel Type:<\/strong> Diesel (Mazot)<\/p><\/li><li data-section-id=\"1xzjapg\" data-start=\"990\" data-end=\"1019\"><p data-start=\"992\" data-end=\"1019\"><strong data-start=\"992\" data-end=\"1013\">Air Conditioning:<\/strong> Yes<\/p><\/li><li data-section-id=\"asemsz\" data-start=\"1020\" data-end=\"1046\"><p data-start=\"1022\" data-end=\"1046\"><strong data-start=\"1022\" data-end=\"1034\">Mileage:<\/strong> Unlimited<\/p><\/li><\/ul><p data-start=\"1048\" data-end=\"1180\">The <strong data-start=\"1052\" data-end=\"1086\">Dacia Logan Manuelle 2025 Diesel \u2013 Location voiture Marrakech<\/strong> is ideal for travelers looking for a <strong data-start=\"1124\" data-end=\"1179\">fuel-efficient and spacious car rental in Marrakech<\/strong>.<\/p>\t\t\t\t\t\t\t\t<\/div>\n\t\t\t\t<div class=\"elementor-element elementor-element-fa33fd7 elementor-widget elementor-widget-heading\" data-id=\"fa33fd7\" data-element_type=\"widget\" data-e-type=\"widget\" data-widget_type=\"heading.default\">\n\t\t\t\t\t<h2 class=\"elementor-heading-title elementor-size-default\">Why Rent the Dacia Logan in Marrakech?<\/h2>\t\t\t\t<\/div>\n\t\t\t\t<div class=\"elementor-element elementor-element-54880a1 elementor-widget elementor-widget-text-editor\" data-id=\"54880a1\" data-element_type=\"widget\" data-e-type=\"widget\" data-widget_type=\"text-editor.default\">\n\t\t\t\t\t\t\t\t\t<p data-start=\"1229\" data-end=\"1305\">The <strong data-start=\"1233\" data-end=\"1248\">Dacia Logan<\/strong> is one of the most rented cars in Morocco thanks to its:<\/p><ul data-start=\"1307\" data-end=\"1475\"><li data-section-id=\"fq6go\" data-start=\"1307\" data-end=\"1342\"><p data-start=\"1309\" data-end=\"1342\">Excellent <strong data-start=\"1319\" data-end=\"1342\">diesel fuel economy<\/strong><\/p><\/li><li data-section-id=\"1ubkpuh\" data-start=\"1343\" data-end=\"1378\"><p data-start=\"1345\" data-end=\"1378\">Spacious interior and large trunk<\/p><\/li><li data-section-id=\"1rz8o1h\" data-start=\"1379\" data-end=\"1416\"><p data-start=\"1381\" data-end=\"1416\">Reliable performance for long trips<\/p><\/li><li data-section-id=\"z7fsm3\" data-start=\"1417\" data-end=\"1449\"><p data-start=\"1419\" data-end=\"1449\">Comfortable driving experience<\/p><\/li><li data-section-id=\"x21x6f\" data-start=\"1450\" data-end=\"1475\"><p data-start=\"1452\" data-end=\"1475\">Affordable rental price<\/p><\/li><\/ul><p data-start=\"1477\" data-end=\"1560\">It\u2019s perfect for <strong data-start=\"1494\" data-end=\"1559\">tourists, families, and business travelers visiting Marrakech<\/strong>.<\/p>\t\t\t\t\t\t\t\t<\/div>\n\t\t\t\t<div class=\"elementor-element elementor-element-179d8fe elementor-widget elementor-widget-heading\" data-id=\"179d8fe\" data-element_type=\"widget\" data-e-type=\"widget\" data-widget_type=\"heading.default\">\n\t\t\t\t\t<h2 class=\"elementor-heading-title elementor-size-default\">Refueling Policy<\/h2>\t\t\t\t<\/div>\n\t\t\t\t<div class=\"elementor-element elementor-element-8a96a18 elementor-widget elementor-widget-text-editor\" data-id=\"8a96a18\" data-element_type=\"widget\" data-e-type=\"widget\" data-widget_type=\"text-editor.default\">\n\t\t\t\t\t\t\t\t\t<p>The vehicle must be returned with the same fuel level as at pickup. If the fuel level is lower, a refueling service charge may apply according to our rental policy.<\/p>\t\t\t\t\t\t\t\t<\/div>\n\t\t\t\t<div class=\"elementor-element elementor-element-ea6ef20 elementor-widget elementor-widget-heading\" data-id=\"ea6ef20\" data-element_type=\"widget\" data-e-type=\"widget\" data-widget_type=\"heading.default\">\n\t\t\t\t\t<h2 class=\"elementor-heading-title elementor-size-default\">Theft Protection &amp; Insurance<\/h2>\t\t\t\t<\/div>\n\t\t\t\t<div class=\"elementor-element elementor-element-97eb20d elementor-widget elementor-widget-text-editor\" data-id=\"97eb20d\" data-element_type=\"widget\" data-e-type=\"widget\" data-widget_type=\"text-editor.default\">\n\t\t\t\t\t\t\t\t\t<p>All vehicles include basic insurance and theft protection for your safety and peace of mind. In case of theft or damage, the renter must notify the rental company and local authorities immediately.<\/p>\t\t\t\t\t\t\t\t<\/div>\n\t\t\t\t<div class=\"elementor-element elementor-element-8be1a1c elementor-widget elementor-widget-heading\" data-id=\"8be1a1c\" data-element_type=\"widget\" data-e-type=\"widget\" data-widget_type=\"heading.default\">\n\t\t\t\t\t<h2 class=\"elementor-heading-title elementor-size-default\">Annulation gratuite<\/h2>\t\t\t\t<\/div>\n\t\t\t\t<div class=\"elementor-element elementor-element-227b046 elementor-widget elementor-widget-text-editor\" data-id=\"227b046\" data-element_type=\"widget\" data-e-type=\"widget\" data-widget_type=\"text-editor.default\">\n\t\t\t\t\t\t\t\t\t<p>We offer <strong data-start=\"2171\" data-end=\"2209\">free cancellation on most bookings<\/strong> if canceled before the pickup date. Please check the rental conditions for details.<\/p>\t\t\t\t\t\t\t\t<\/div>\n\t\t\t\t\t<\/div>\n\t\t<\/div>\n\t\t\t\t\t<\/div>\n\t\t<\/section>\n\t\t\t\t<\/div>","protected":false},"excerpt":{"rendered":"<p>The <strong data-start=\"259\" data-end=\"293\">Dacia Logan Manuelle 2025 Diesel \u2013 Location voiture Marrakech<\/strong> est une berline spacieuse et \u00e9conomique, id\u00e9ale pour les voyageurs \u00e0 la recherche d'une <strong data-start=\"366\" data-end=\"421\">Location de voiture fiable et \u00e9conomique \u00e0 Marrakech<\/strong>.<\/p>","protected":false},"featured_media":1451,"comment_status":"open","ping_status":"closed","template":"","meta":[],"etheme_brands":[{"term_id":39,"name":"Dacia","slug":"dacia","term_group":0,"term_taxonomy_id":39,"taxonomy":"brand","description":"","parent":0,"count":3,"filter":"raw"}],"product_brand":[],"product_cat":[44],"product_tag":[],"class_list":{"0":"post-1024","1":"product","2":"type-product","3":"status-publish","4":"has-post-thumbnail","6":"brand-dacia","7":"product_cat-family-cars","9":"first","10":"instock","11":"sold-individually","12":"shipping-taxable","13":"purchasable","14":"product-type-simple"},"_links":{"self":[{"href":"https:\/\/ouziadrentacar.com\/fr\/wp-json\/wp\/v2\/product\/1024","targetHints":{"allow":["GET"]}}],"collection":[{"href":"https:\/\/ouziadrentacar.com\/fr\/wp-json\/wp\/v2\/product"}],"about":[{"href":"https:\/\/ouziadrentacar.com\/fr\/wp-json\/wp\/v2\/types\/product"}],"replies":[{"embeddable":true,"href":"https:\/\/ouziadrentacar.com\/fr\/wp-json\/wp\/v2\/comments?post=1024"}],"version-history":[{"count":12,"href":"https:\/\/ouziadrentacar.com\/fr\/wp-json\/wp\/v2\/product\/1024\/revisions"}],"predecessor-version":[{"id":1559,"href":"https:\/\/ouziadrentacar.com\/fr\/wp-json\/wp\/v2\/product\/1024\/revisions\/1559"}],"wp:featuredmedia":[{"embeddable":true,"href":"https:\/\/ouziadrentacar.com\/fr\/wp-json\/wp\/v2\/media\/1451"}],"wp:attachment":[{"href":"https:\/\/ouziadrentacar.com\/fr\/wp-json\/wp\/v2\/media?parent=1024"}],"wp:term":[{"taxonomy":"brand","embeddable":true,"href":"https:\/\/ouziadrentacar.com\/fr\/wp-json\/wp\/v2\/etheme_brands?post=1024"},{"taxonomy":"product_brand","embeddable":true,"href":"https:\/\/ouziadrentacar.com\/fr\/wp-json\/wp\/v2\/product_brand?post=1024"},{"taxonomy":"product_cat","embeddable":true,"href":"https:\/\/ouziadrentacar.com\/fr\/wp-json\/wp\/v2\/product_cat?post=1024"},{"taxonomy":"product_tag","embeddable":true,"href":"https:\/\/ouziadrentacar.com\/fr\/wp-json\/wp\/v2\/product_tag?post=1024"}],"curies":[{"name":"wp","href":"https:\/\/api.w.org\/{rel}","templated":true}]}}